{"id":17497,"date":"2024-04-19T10:49:36","date_gmt":"2024-04-19T08:49:36","guid":{"rendered":"https:\/\/www.gaches.com\/?page_id=17497"},"modified":"2025-01-06T16:37:24","modified_gmt":"2025-01-06T15:37:24","slug":"e-chemicals-fiche-de-donnees-de-securite-simplifiee-fdss","status":"publish","type":"page","link":"https:\/\/www.gaches.com\/en\/e-chemicals-fiche-de-donnees-de-securite-simplifiee-fdss\/","title":{"rendered":"E-Chemicals: Simplified Safety Data Sheet (SSDS)"},"content":{"rendered":"<p><div class=\"fusion-fullwidth fullwidth-box fusion-builder-row-1 nonhundred-percent-fullwidth non-hundred-percent-height-scrolling\"  style='background-color: #ffffff;background-position: center center;background-repeat: no-repeat;padding-top:0px;padding-right:0px;padding-bottom:0px;padding-left:0px;'><div class=\"fusion-builder-row fusion-row\"><div  class=\"fusion-layout-column fusion_builder_column fusion_builder_column_2_3 fusion-builder-column-0 fusion-two-third fusion-column-first 2_3\"  style='margin-top:10px;margin-bottom:10px;width:66.66%;width:calc(66.66% - ( ( 4% ) * 0.6666 ) );margin-right: 4%;'><div class=\"fusion-column-wrapper\" style=\"background-color:#0072bc;padding: 0px 0px 0px 0px;background-position:left top;background-repeat:no-repeat;-webkit-background-size:cover;-moz-background-size:cover;-o-background-size:cover;background-size:cover;\"   data-bg-url=\"\"><div class=\"fusion-content-boxes content-boxes columns row fusion-columns-1 fusion-columns-total-1 fusion-content-boxes-1 content-boxes-icon-with-title content-left\" data-animationoffset=\"100%\" style=\"margin-top:;margin-bottom:;\"><style type=\"text\/css\">.fusion-content-boxes-1 .heading .content-box-heading {color:#ffffff;}\n\t\t\t\t\t.fusion-content-boxes-1 .fusion-content-box-hover .link-area-link-icon-hover .heading .content-box-heading,\n\t\t\t\t\t.fusion-content-boxes-1 .fusion-content-box-hover .link-area-link-icon-hover .heading .heading-link .content-box-heading,\n\t\t\t\t\t.fusion-content-boxes-1 .fusion-content-box-hover .link-area-box-hover .heading .content-box-heading,\n\t\t\t\t\t.fusion-content-boxes-1 .fusion-content-box-hover .link-area-box-hover .heading .heading-link .content-box-heading,\n\t\t\t\t\t.fusion-content-boxes-1 .fusion-content-box-hover .link-area-link-icon-hover.link-area-box .fusion-read-more,\n\t\t\t\t\t.fusion-content-boxes-1 .fusion-content-box-hover .link-area-link-icon-hover.link-area-box .fusion-read-more::after,\n\t\t\t\t\t.fusion-content-boxes-1 .fusion-content-box-hover .link-area-link-icon-hover.link-area-box .fusion-read-more::before,\n\t\t\t\t\t.fusion-content-boxes-1 .fusion-content-box-hover .fusion-read-more:hover:after,\n\t\t\t\t\t.fusion-content-boxes-1 .fusion-content-box-hover .fusion-read-more:hover:before,\n\t\t\t\t\t.fusion-content-boxes-1 .fusion-content-box-hover .fusion-read-more:hover,\n\t\t\t\t\t.fusion-content-boxes-1 .fusion-content-box-hover .link-area-box-hover.link-area-box .fusion-read-more,\n\t\t\t\t\t.fusion-content-boxes-1 .fusion-content-box-hover .link-area-box-hover.link-area-box .fusion-read-more::after,\n\t\t\t\t\t.fusion-content-boxes-1 .fusion-content-box-hover .link-area-box-hover.link-area-box .fusion-read-more::before,\n\t\t\t\t\t.fusion-content-boxes-1 .fusion-content-box-hover .link-area-link-icon-hover .icon .circle-no,\n\t\t\t\t\t.fusion-content-boxes-1 .heading .heading-link:hover .content-box-heading {\n\t\t\t\t\t\tcolor: #ffffff;\n\t\t\t\t\t}\n\t\t\t\t\t.fusion-content-boxes-1 .fusion-content-box-hover .link-area-box-hover .icon .circle-no {\n\t\t\t\t\t\tcolor: #ffffff !important;\n\t\t\t\t\t}.fusion-content-boxes-1 .fusion-content-box-hover .link-area-box.link-area-box-hover .fusion-content-box-button {background: #024d71;color: #ffffff;}.fusion-content-boxes-1 .fusion-content-box-hover .link-area-box.link-area-box-hover .fusion-content-box-button .fusion-button-text {color: #ffffff;}\n\t\t\t\t\t.fusion-content-boxes-1 .fusion-content-box-hover .link-area-link-icon-hover .heading .icon > span {\n\t\t\t\t\t\tbackground-color: #ffffff !important;\n\t\t\t\t\t}\n\t\t\t\t\t.fusion-content-boxes-1 .fusion-content-box-hover .link-area-box-hover .heading .icon > span {\n\t\t\t\t\t\tborder-color: #ffffff !important;\n\t\t\t\t\t}<\/style><div class=\"fusion-column content-box-column content-box-column content-box-column-1 col-lg-12 col-md-12 col-sm-12 fusion-content-box-hover content-box-column-last content-box-column-last-in-row\"><div class=\"col content-box-wrapper content-wrapper-background link-area-link-icon icon-hover-animation-none\" style=\"background-color:#0072bc;\" data-animationoffset=\"100%\"><div class=\"heading icon-left\"><h6 class=\"content-box-heading\" style=\"font-size:28px;line-height:33px;\">Cr\u00e9er vos FDSS<\/h6><\/div><div class=\"fusion-clearfix\"><\/div><div class=\"content-container\" style=\"color:#ffffff;\">\n<p>We simplify the creation of your Simplified Safety Data Sheet (SSDS) by pre-filling the form with SDS data.<\/p>\n<p>You then have the possibility to customize the SSDS by integrating your internal rules such as first aid, emergency numbers, fire extinguishing methods, personal protective equipment (PPE), etc.<\/p>\n<p>Additionally, our system allows duplication, editing, and version management of your SSDS, ensuring precise tracking of document evolution.<\/p>\n<\/div><\/div><\/div><style type=\"text\/css\">\n\t\t\t\t\t\t.fusion-content-boxes-1 .fusion-content-box-hover .heading-link:hover .icon i.circle-yes,\n\t\t\t\t\t\t.fusion-content-boxes-1 .fusion-content-box-hover .link-area-box:hover .heading-link .icon i.circle-yes,\n\t\t\t\t\t\t.fusion-content-boxes-1 .fusion-content-box-hover .link-area-link-icon-hover .heading .icon i.circle-yes,\n\t\t\t\t\t\t.fusion-content-boxes-1 .fusion-content-box-hover .link-area-box-hover .heading .icon i.circle-yes {\n\t\t\t\t\t\t\tbackground-color: #ffffff !important;\n\t\t\t\t\t\t\tborder-color: #ffffff !important;\n\t\t\t\t\t\t}<\/style><div class=\"fusion-clearfix\"><\/div><\/div><div class=\"fusion-clearfix\"><\/div><\/div><\/div><div  class=\"fusion-layout-column fusion_builder_column fusion_builder_column_1_3 fusion-builder-column-1 fusion-one-third fusion-column-last 1_3\"  style='margin-top:10px;margin-bottom:10px;width:33.33%;width:calc(33.33% - ( ( 4% ) * 0.3333 ) );'><div class=\"fusion-column-wrapper\" style=\"padding: 0px 0px 0px 0px;background-position:left top;background-repeat:no-repeat;-webkit-background-size:cover;-moz-background-size:cover;-o-background-size:cover;background-size:cover;\"   data-bg-url=\"\"><div class=\"fusion-image-frame-bottomshadow image-frame-shadow-1\"><style>.fusion-image-frame-bottomshadow.image-frame-shadow-1{display:inline-block}.element-bottomshadow.imageframe-1:before, .element-bottomshadow.imageframe-1:after{-webkit-box-shadow: 0 17px 10px rgba(0,0,0,0.4);box-shadow: 0 17px 10px rgba(0,0,0,0.4);}<\/style><span class=\"fusion-imageframe imageframe-bottomshadow imageframe-1 element-bottomshadow hover-type-none\"><img loading=\"lazy\" decoding=\"async\" src=\"https:\/\/www.gaches.com\/wp-content\/uploads\/2024\/04\/FDSS.png\" width=\"713\" height=\"851\" alt=\"FDSS\" title=\"FDSS\" class=\"img-responsive wp-image-17500\" srcset=\"https:\/\/www.gaches.com\/wp-content\/uploads\/2024\/04\/FDSS-200x239.png 200w, https:\/\/www.gaches.com\/wp-content\/uploads\/2024\/04\/FDSS-400x477.png 400w, https:\/\/www.gaches.com\/wp-content\/uploads\/2024\/04\/FDSS-600x716.png 600w, https:\/\/www.gaches.com\/wp-content\/uploads\/2024\/04\/FDSS.png 713w\" sizes=\"(max-width: 576px) 100vw, 400px\" \/><\/span><\/div><div class=\"fusion-clearfix\"><\/div><\/div><\/div><\/div><\/div><style type=\"text\/css\">.fusion-fullwidth.fusion-builder-row-1 a:not(.fusion-button):not(.fusion-builder-module-control):not(.fusion-social-network-icon):not(.fb-icon-element):not(.fusion-countdown-link):not(.fusion-rollover-link):not(.fusion-rollover-gallery):not(.fusion-button-bar):not(.add_to_cart_button):not(.show_details_button):not(.product_type_external):not(.fusion-quick-view):not(.fusion-rollover-title-link):not(.fusion-breadcrumb-link) , .fusion-fullwidth.fusion-builder-row-1 a:not(.fusion-button):not(.fusion-builder-module-control):not(.fusion-social-network-icon):not(.fb-icon-element):not(.fusion-countdown-link):not(.fusion-rollover-link):not(.fusion-rollover-gallery):not(.fusion-button-bar):not(.add_to_cart_button):not(.show_details_button):not(.product_type_external):not(.fusion-quick-view):not(.fusion-rollover-title-link):not(.fusion-breadcrumb-link):before, .fusion-fullwidth.fusion-builder-row-1 a:not(.fusion-button):not(.fusion-builder-module-control):not(.fusion-social-network-icon):not(.fb-icon-element):not(.fusion-countdown-link):not(.fusion-rollover-link):not(.fusion-rollover-gallery):not(.fusion-button-bar):not(.add_to_cart_button):not(.show_details_button):not(.product_type_external):not(.fusion-quick-view):not(.fusion-rollover-title-link):not(.fusion-breadcrumb-link):after {color: #00847e;}.fusion-fullwidth.fusion-builder-row-1 a:not(.fusion-button):not(.fusion-builder-module-control):not(.fusion-social-network-icon):not(.fb-icon-element):not(.fusion-countdown-link):not(.fusion-rollover-link):not(.fusion-rollover-gallery):not(.fusion-button-bar):not(.add_to_cart_button):not(.show_details_button):not(.product_type_external):not(.fusion-quick-view):not(.fusion-rollover-title-link):not(.fusion-breadcrumb-link):hover, .fusion-fullwidth.fusion-builder-row-1 a:not(.fusion-button):not(.fusion-builder-module-control):not(.fusion-social-network-icon):not(.fb-icon-element):not(.fusion-countdown-link):not(.fusion-rollover-link):not(.fusion-rollover-gallery):not(.fusion-button-bar):not(.add_to_cart_button):not(.show_details_button):not(.product_type_external):not(.fusion-quick-view):not(.fusion-rollover-title-link):not(.fusion-breadcrumb-link):hover:before, .fusion-fullwidth.fusion-builder-row-1 a:not(.fusion-button):not(.fusion-builder-module-control):not(.fusion-social-network-icon):not(.fb-icon-element):not(.fusion-countdown-link):not(.fusion-rollover-link):not(.fusion-rollover-gallery):not(.fusion-button-bar):not(.add_to_cart_button):not(.show_details_button):not(.product_type_external):not(.fusion-quick-view):not(.fusion-rollover-title-link):not(.fusion-breadcrumb-link):hover:after {color: #0072bc;}.fusion-fullwidth.fusion-builder-row-1 .pagination a.inactive:hover, .fusion-fullwidth.fusion-builder-row-1 .fusion-filters .fusion-filter.fusion-active a {border-color: #0072bc;}.fusion-fullwidth.fusion-builder-row-1 .pagination .current {border-color: #0072bc; background-color: #0072bc;}.fusion-fullwidth.fusion-builder-row-1 .fusion-filters .fusion-filter.fusion-active a, .fusion-fullwidth.fusion-builder-row-1 .fusion-date-and-formats .fusion-format-box, .fusion-fullwidth.fusion-builder-row-1 .fusion-popover, .fusion-fullwidth.fusion-builder-row-1 .tooltip-shortcode {color: #0072bc;}#main .fusion-fullwidth.fusion-builder-row-1 .post .blog-shortcode-post-title a:hover {color: #0072bc;}<\/style><div class=\"fusion-fullwidth fullwidth-box fusion-builder-row-2 nonhundred-percent-fullwidth non-hundred-percent-height-scrolling\"  style='background-color: rgba(255,255,255,0);background-position: center center;background-repeat: no-repeat;padding-top:0px;padding-right:0px;padding-bottom:0px;padding-left:0px;'><div class=\"fusion-builder-row fusion-row\"><div  class=\"fusion-layout-column fusion_builder_column fusion_builder_column_1_1 fusion-builder-column-2 fusion-one-full fusion-column-first fusion-column-last 1_1\"  style='margin-top:10px;margin-bottom:10px;'><div class=\"fusion-column-wrapper\" style=\"padding: 0px 0px 0px 0px;background-position:left top;background-repeat:no-repeat;-webkit-background-size:cover;-moz-background-size:cover;-o-background-size:cover;background-size:cover;\"   data-bg-url=\"\"><div class=\"fusion-text\"><p>The implementation of SSDS within the framework of health, safety, and the environment is essential for protecting workers, ensuring regulatory compliance, reducing environmental risks, and facilitating chemical risk communication within the company:<\/p>\n<\/div><ul class=\"fusion-checklist fusion-checklist-1\" style=\"font-size:18px;line-height:30.6px;\"><li class=\"fusion-li-item\"><span style=\"height:30.6px;width:30.6px;margin-right:12.6px;\" class=\"icon-wrapper circle-no\"><i class=\"fusion-li-icon fa-angle-right fas\" style=\"color:#0072bc;\"><\/i><\/span><div class=\"fusion-li-item-content\" style=\"margin-left:43.2px;\">\n<p class=\"translation-block\">SSDS provides a clear view of chemical hazards in the workplace, thereby equipping workers for enhanced safety and minimized risks.<\/p>\n<\/div><\/li><li class=\"fusion-li-item\"><span style=\"height:30.6px;width:30.6px;margin-right:12.6px;\" class=\"icon-wrapper circle-no\"><i class=\"fusion-li-icon fa-angle-right fas\" style=\"color:#0072bc;\"><\/i><\/span><div class=\"fusion-li-item-content\" style=\"margin-left:43.2px;\">\n<p class=\"translation-block\">SSDS meet legal requirements, thereby avoiding fines and penalties, and ensure compliance with strict health, safety, and environmental standards.<\/p>\n<\/div><\/li><li class=\"fusion-li-item\"><span style=\"height:30.6px;width:30.6px;margin-right:12.6px;\" class=\"icon-wrapper circle-no\"><i class=\"fusion-li-icon fa-angle-right fas\" style=\"color:#0072bc;\"><\/i><\/span><div class=\"fusion-li-item-content\" style=\"margin-left:43.2px;\">\n<p class=\"translation-block\">SSDS raise awareness of the ecological impacts of chemicals, thereby helping to prevent spills and environmental damage.<\/p>\n<\/div><\/li><li class=\"fusion-li-item\"><span style=\"height:30.6px;width:30.6px;margin-right:12.6px;\" class=\"icon-wrapper circle-no\"><i class=\"fusion-li-icon fa-angle-right fas\" style=\"color:#0072bc;\"><\/i><\/span><div class=\"fusion-li-item-content\" style=\"margin-left:43.2px;\">\n<p class=\"translation-block\">SSDS simplify information on chemical risks, ensuring easy understanding and smooth communication within the company.<\/p>\n<\/div><\/li><\/ul><div class=\"fusion-clearfix\"><\/div><\/div><\/div><\/div><\/div><style type=\"text\/css\">.fusion-fullwidth.fusion-builder-row-2 a:not(.fusion-button):not(.fusion-builder-module-control):not(.fusion-social-network-icon):not(.fb-icon-element):not(.fusion-countdown-link):not(.fusion-rollover-link):not(.fusion-rollover-gallery):not(.fusion-button-bar):not(.add_to_cart_button):not(.show_details_button):not(.product_type_external):not(.fusion-quick-view):not(.fusion-rollover-title-link):not(.fusion-breadcrumb-link) , .fusion-fullwidth.fusion-builder-row-2 a:not(.fusion-button):not(.fusion-builder-module-control):not(.fusion-social-network-icon):not(.fb-icon-element):not(.fusion-countdown-link):not(.fusion-rollover-link):not(.fusion-rollover-gallery):not(.fusion-button-bar):not(.add_to_cart_button):not(.show_details_button):not(.product_type_external):not(.fusion-quick-view):not(.fusion-rollover-title-link):not(.fusion-breadcrumb-link):before, .fusion-fullwidth.fusion-builder-row-2 a:not(.fusion-button):not(.fusion-builder-module-control):not(.fusion-social-network-icon):not(.fb-icon-element):not(.fusion-countdown-link):not(.fusion-rollover-link):not(.fusion-rollover-gallery):not(.fusion-button-bar):not(.add_to_cart_button):not(.show_details_button):not(.product_type_external):not(.fusion-quick-view):not(.fusion-rollover-title-link):not(.fusion-breadcrumb-link):after {color: #00847e;}.fusion-fullwidth.fusion-builder-row-2 a:not(.fusion-button):not(.fusion-builder-module-control):not(.fusion-social-network-icon):not(.fb-icon-element):not(.fusion-countdown-link):not(.fusion-rollover-link):not(.fusion-rollover-gallery):not(.fusion-button-bar):not(.add_to_cart_button):not(.show_details_button):not(.product_type_external):not(.fusion-quick-view):not(.fusion-rollover-title-link):not(.fusion-breadcrumb-link):hover, .fusion-fullwidth.fusion-builder-row-2 a:not(.fusion-button):not(.fusion-builder-module-control):not(.fusion-social-network-icon):not(.fb-icon-element):not(.fusion-countdown-link):not(.fusion-rollover-link):not(.fusion-rollover-gallery):not(.fusion-button-bar):not(.add_to_cart_button):not(.show_details_button):not(.product_type_external):not(.fusion-quick-view):not(.fusion-rollover-title-link):not(.fusion-breadcrumb-link):hover:before, .fusion-fullwidth.fusion-builder-row-2 a:not(.fusion-button):not(.fusion-builder-module-control):not(.fusion-social-network-icon):not(.fb-icon-element):not(.fusion-countdown-link):not(.fusion-rollover-link):not(.fusion-rollover-gallery):not(.fusion-button-bar):not(.add_to_cart_button):not(.show_details_button):not(.product_type_external):not(.fusion-quick-view):not(.fusion-rollover-title-link):not(.fusion-breadcrumb-link):hover:after {color: #0072bc;}.fusion-fullwidth.fusion-builder-row-2 .pagination a.inactive:hover, .fusion-fullwidth.fusion-builder-row-2 .fusion-filters .fusion-filter.fusion-active a {border-color: #0072bc;}.fusion-fullwidth.fusion-builder-row-2 .pagination .current {border-color: #0072bc; background-color: #0072bc;}.fusion-fullwidth.fusion-builder-row-2 .fusion-filters .fusion-filter.fusion-active a, .fusion-fullwidth.fusion-builder-row-2 .fusion-date-and-formats .fusion-format-box, .fusion-fullwidth.fusion-builder-row-2 .fusion-popover, .fusion-fullwidth.fusion-builder-row-2 .tooltip-shortcode {color: #0072bc;}#main .fusion-fullwidth.fusion-builder-row-2 .post .blog-shortcode-post-title a:hover {color: #0072bc;}<\/style><div class=\"fusion-fullwidth fullwidth-box fusion-builder-row-3 nonhundred-percent-fullwidth non-hundred-percent-height-scrolling\"  style='background-color: rgba(255,255,255,0);background-position: center center;background-repeat: no-repeat;padding-top:0px;padding-right:0px;padding-bottom:0px;padding-left:0px;'><div class=\"fusion-builder-row fusion-row\"><div  class=\"fusion-layout-column fusion_builder_column fusion_builder_column_1_1 fusion-builder-column-3 fusion-one-full fusion-column-first fusion-column-last 1_1\"  style='margin-top:2px;margin-bottom:2px;'><div class=\"fusion-column-wrapper\" style=\"padding: 0px 0px 0px 0px;background-position:left top;background-repeat:no-repeat;-webkit-background-size:cover;-moz-background-size:cover;-o-background-size:cover;background-size:cover;\"   data-bg-url=\"\"><div class=\"fusion-testimonials clean fusion-testimonials-1\" data-random=\"0\" data-speed=\"4000\"><style type=\"text\/css\">#fusion-testimonials-1 a{border-color:#00847e;}#fusion-testimonials-1 a:hover, #fusion-testimonials-1 .activeSlide{background-color: #00847e;}.fusion-testimonials.clean.fusion-testimonials-1 .author:after{border-top-color:#f6f6f6 !important;}<\/style><div class=\"reviews\"><div class=\"review no-avatar\"><blockquote class=\"testimonials-shortcode-blockquote\"><q style=\"background-color:#f6f6f6;color:#00847e;\" class=\"fusion-clearfix\">\n<p><a href=\"https:\/\/www.gaches.com\/en\/nous-contacter\/\">Request a quote or a demonstration<\/a><\/p>\n<\/q><\/blockquote><div class=\"author\" style=\"color:#00847e;\"><span class=\"company-name\"><\/span><\/div><\/div><\/div><\/div><div class=\"fusion-text\"><h2 style=\"text-align: center;\">Do you already have an account?<\/h2>\n<\/div><div class=\"fusion-button-wrapper fusion-aligncenter\"><style type=\"text\/css\">.fusion-button.button-1 {border-radius:2px;}<\/style><a class=\"fusion-button button-flat fusion-button-default-size button-default button-1 fusion-button-default-span fusion-button-default-type\" target=\"_self\" href=\"https:\/\/e-chemicals.gaches.com\/\"><span class=\"fusion-button-text\">Log in<\/span><\/a><\/div><div class=\"fusion-text\"><p style=\"text-align: center;\" class=\"translation-block\"><em><br>Or \n<strong><a href=\"https:\/\/e-chemicals.gaches.com\/dashboard.php?page=form_ouverture\" target=\"_self\">Create an account<\/a><\/strong><\/em><\/p>\n<\/div><div class=\"fusion-clearfix\"><\/div><\/div><\/div><\/div><\/div><\/p>","protected":false},"excerpt":{"rendered":"","protected":false},"author":2,"featured_media":0,"parent":0,"menu_order":0,"comment_status":"closed","ping_status":"closed","template":"","meta":{"_monsterinsights_skip_tracking":false,"_monsterinsights_sitenote_active":false,"_monsterinsights_sitenote_note":"","_monsterinsights_sitenote_category":0,"footnotes":""},"class_list":["post-17497","page","type-page","status-publish","hentry"],"yoast_head":"<!-- This site is optimized with the Yoast SEO plugin v23.4 - https:\/\/yoast.com\/wordpress\/plugins\/seo\/ -->\n<title>E-Chemicals : Fiche de donn\u00e9es de s\u00e9curit\u00e9 simplifi\u00e9e (FDSS)<\/title>\n<meta name=\"description\" content=\"Cr\u00e9er simplement vos Fiches de poste ou Fiches de donn\u00e9es de s\u00e9curit\u00e9 simplifi\u00e9e (FDSS) g\u00e9n\u00e9r\u00e9es automatiquement par E-Chemicals.\" \/>\n<meta name=\"robots\" content=\"index, follow, max-snippet:-1, max-image-preview:large, max-video-preview:-1\" \/>\n<link rel=\"canonical\" href=\"https:\/\/www.gaches.com\/en\/e-chemicals-fiche-de-donnees-de-securite-simplifiee-fdss\/\" \/>\n<meta property=\"og:locale\" content=\"en_US\" \/>\n<meta property=\"og:type\" content=\"article\" \/>\n<meta property=\"og:title\" content=\"E-Chemicals : Fiche de donn\u00e9es de s\u00e9curit\u00e9 simplifi\u00e9e (FDSS)\" \/>\n<meta property=\"og:description\" content=\"Cr\u00e9er simplement vos Fiches de poste ou Fiches de donn\u00e9es de s\u00e9curit\u00e9 simplifi\u00e9e (FDSS) g\u00e9n\u00e9r\u00e9es automatiquement par E-Chemicals.\" \/>\n<meta property=\"og:url\" content=\"https:\/\/www.gaches.com\/en\/e-chemicals-fiche-de-donnees-de-securite-simplifiee-fdss\/\" \/>\n<meta property=\"og:site_name\" content=\"Gaches Chimie\" \/>\n<meta property=\"article:modified_time\" content=\"2025-01-06T15:37:24+00:00\" \/>\n<meta name=\"twitter:card\" content=\"summary_large_image\" \/>\n<meta name=\"twitter:label1\" content=\"Est. reading time\" \/>\n\t<meta name=\"twitter:data1\" content=\"5 minutes\" \/>\n<script type=\"application\/ld+json\" class=\"yoast-schema-graph\">{\"@context\":\"https:\/\/schema.org\",\"@graph\":[{\"@type\":\"WebPage\",\"@id\":\"https:\/\/www.gaches.com\/e-chemicals-fiche-de-donnees-de-securite-simplifiee-fdss\/\",\"url\":\"https:\/\/www.gaches.com\/e-chemicals-fiche-de-donnees-de-securite-simplifiee-fdss\/\",\"name\":\"E-Chemicals : Fiche de donn\u00e9es de s\u00e9curit\u00e9 simplifi\u00e9e (FDSS)\",\"isPartOf\":{\"@id\":\"https:\/\/www.gaches.com\/#website\"},\"datePublished\":\"2024-04-19T08:49:36+00:00\",\"dateModified\":\"2025-01-06T15:37:24+00:00\",\"description\":\"Cr\u00e9er simplement vos Fiches de poste ou Fiches de donn\u00e9es de s\u00e9curit\u00e9 simplifi\u00e9e (FDSS) g\u00e9n\u00e9r\u00e9es automatiquement par E-Chemicals.\",\"breadcrumb\":{\"@id\":\"https:\/\/www.gaches.com\/e-chemicals-fiche-de-donnees-de-securite-simplifiee-fdss\/#breadcrumb\"},\"inLanguage\":\"en-US\",\"potentialAction\":[{\"@type\":\"ReadAction\",\"target\":[\"https:\/\/www.gaches.com\/e-chemicals-fiche-de-donnees-de-securite-simplifiee-fdss\/\"]}]},{\"@type\":\"BreadcrumbList\",\"@id\":\"https:\/\/www.gaches.com\/e-chemicals-fiche-de-donnees-de-securite-simplifiee-fdss\/#breadcrumb\",\"itemListElement\":[{\"@type\":\"ListItem\",\"position\":1,\"name\":\"Accueil\",\"item\":\"https:\/\/www.gaches.com\/\"},{\"@type\":\"ListItem\",\"position\":2,\"name\":\"E-Chemicals : Fiche de donn\u00e9es de s\u00e9curit\u00e9 simplifi\u00e9e (FDSS)\"}]},{\"@type\":\"WebSite\",\"@id\":\"https:\/\/www.gaches.com\/#website\",\"url\":\"https:\/\/www.gaches.com\/\",\"name\":\"Gaches Chimie\",\"description\":\"Global Chemical Solutions\",\"potentialAction\":[{\"@type\":\"SearchAction\",\"target\":{\"@type\":\"EntryPoint\",\"urlTemplate\":\"https:\/\/www.gaches.com\/?s={search_term_string}\"},\"query-input\":{\"@type\":\"PropertyValueSpecification\",\"valueRequired\":true,\"valueName\":\"search_term_string\"}}],\"inLanguage\":\"en-US\"}]}<\/script>\n<!-- \/ Yoast SEO plugin. -->","yoast_head_json":{"title":"E-Chemicals: Simplified Safety Data Sheet (SSDS)","description":"Cr\u00e9er simplement vos Fiches de poste ou Fiches de donn\u00e9es de s\u00e9curit\u00e9 simplifi\u00e9e (FDSS) g\u00e9n\u00e9r\u00e9es automatiquement par E-Chemicals.","robots":{"index":"index","follow":"follow","max-snippet":"max-snippet:-1","max-image-preview":"max-image-preview:large","max-video-preview":"max-video-preview:-1"},"canonical":"https:\/\/www.gaches.com\/en\/e-chemicals-fiche-de-donnees-de-securite-simplifiee-fdss\/","og_locale":"en_US","og_type":"article","og_title":"E-Chemicals : Fiche de donn\u00e9es de s\u00e9curit\u00e9 simplifi\u00e9e (FDSS)","og_description":"Cr\u00e9er simplement vos Fiches de poste ou Fiches de donn\u00e9es de s\u00e9curit\u00e9 simplifi\u00e9e (FDSS) g\u00e9n\u00e9r\u00e9es automatiquement par E-Chemicals.","og_url":"https:\/\/www.gaches.com\/en\/e-chemicals-fiche-de-donnees-de-securite-simplifiee-fdss\/","og_site_name":"Gaches Chimie","article_modified_time":"2025-01-06T15:37:24+00:00","twitter_card":"summary_large_image","twitter_misc":{"Est. reading time":"5 minutes"},"schema":{"@context":"https:\/\/schema.org","@graph":[{"@type":"WebPage","@id":"https:\/\/www.gaches.com\/e-chemicals-fiche-de-donnees-de-securite-simplifiee-fdss\/","url":"https:\/\/www.gaches.com\/e-chemicals-fiche-de-donnees-de-securite-simplifiee-fdss\/","name":"E-Chemicals: Simplified Safety Data Sheet (SSDS)","isPartOf":{"@id":"https:\/\/www.gaches.com\/#website"},"datePublished":"2024-04-19T08:49:36+00:00","dateModified":"2025-01-06T15:37:24+00:00","description":"Cr\u00e9er simplement vos Fiches de poste ou Fiches de donn\u00e9es de s\u00e9curit\u00e9 simplifi\u00e9e (FDSS) g\u00e9n\u00e9r\u00e9es automatiquement par E-Chemicals.","breadcrumb":{"@id":"https:\/\/www.gaches.com\/e-chemicals-fiche-de-donnees-de-securite-simplifiee-fdss\/#breadcrumb"},"inLanguage":"en-US","potentialAction":[{"@type":"ReadAction","target":["https:\/\/www.gaches.com\/e-chemicals-fiche-de-donnees-de-securite-simplifiee-fdss\/"]}]},{"@type":"BreadcrumbList","@id":"https:\/\/www.gaches.com\/e-chemicals-fiche-de-donnees-de-securite-simplifiee-fdss\/#breadcrumb","itemListElement":[{"@type":"ListItem","position":1,"name":"Accueil","item":"https:\/\/www.gaches.com\/"},{"@type":"ListItem","position":2,"name":"E-Chemicals : Fiche de donn\u00e9es de s\u00e9curit\u00e9 simplifi\u00e9e (FDSS)"}]},{"@type":"WebSite","@id":"https:\/\/www.gaches.com\/#website","url":"https:\/\/www.gaches.com\/","name":"Gaches Chimie","description":"Global Chemical Solutions","potentialAction":[{"@type":"SearchAction","target":{"@type":"EntryPoint","urlTemplate":"https:\/\/www.gaches.com\/?s={search_term_string}"},"query-input":{"@type":"PropertyValueSpecification","valueRequired":true,"valueName":"search_term_string"}}],"inLanguage":"en-US"}]}},"_links":{"self":[{"href":"https:\/\/www.gaches.com\/en\/wp-json\/wp\/v2\/pages\/17497"}],"collection":[{"href":"https:\/\/www.gaches.com\/en\/wp-json\/wp\/v2\/pages"}],"about":[{"href":"https:\/\/www.gaches.com\/en\/wp-json\/wp\/v2\/types\/page"}],"author":[{"embeddable":true,"href":"https:\/\/www.gaches.com\/en\/wp-json\/wp\/v2\/users\/2"}],"replies":[{"embeddable":true,"href":"https:\/\/www.gaches.com\/en\/wp-json\/wp\/v2\/comments?post=17497"}],"version-history":[{"count":0,"href":"https:\/\/www.gaches.com\/en\/wp-json\/wp\/v2\/pages\/17497\/revisions"}],"wp:attachment":[{"href":"https:\/\/www.gaches.com\/en\/wp-json\/wp\/v2\/media?parent=17497"}],"curies":[{"name":"wp","href":"https:\/\/api.w.org\/{rel}","templated":true}]}}