{"id":14415,"date":"2019-05-29T09:26:04","date_gmt":"2019-05-29T07:26:04","guid":{"rendered":"https:\/\/www.gaches.com\/?page_id=14415"},"modified":"2022-10-20T10:30:58","modified_gmt":"2022-10-20T08:30:58","slug":"offres-demploi","status":"publish","type":"page","link":"https:\/\/www.gaches.com\/en\/offres-demploi\/","title":{"rendered":"JOB OFFERS"},"content":{"rendered":"<div class=\"fusion-fullwidth fullwidth-box fusion-builder-row-1 nonhundred-percent-fullwidth non-hundred-percent-height-scrolling\"  style='background-color: rgba(255,255,255,0);background-position: center center;background-repeat: no-repeat;padding-top:0px;padding-right:0px;padding-bottom:0px;padding-left:0px;'><div class=\"fusion-builder-row fusion-row\"><div  class=\"fusion-layout-column fusion_builder_column fusion_builder_column_1_1 fusion-builder-column-0 fusion-one-full fusion-column-first fusion-column-last 1_1\"  style='margin-top:10px;margin-bottom:10px;'><div class=\"fusion-column-wrapper\" style=\"padding: 0px 0px 0px 0px;background-position:left top;background-repeat:no-repeat;-webkit-background-size:cover;-moz-background-size:cover;-o-background-size:cover;background-size:cover;\"   data-bg-url=\"\"><div class=\"fusion-text\"><h2>Gaches Chimie recherche constamment des profils vari\u00e9s, d\u00e9butants ou exp\u00e9riment\u00e9s souhaitant rejoindre l\u2019aventure dans tous les domaines.<\/h2>\n<div class=\"paragraph paragraph--type--block paragraph--view-mode--default paragraph--id--8539 block-type-basic block-id-16\">\n<div class=\"container\">\n<div class=\"row\">\n<div class=\"col-sm-12\">\n<div class=\"field field--name-body field--type-text-with-summary field--label-hidden field--item\"><\/div>\n<\/div>\n<\/div>\n<\/div>\n<\/div>\n<\/div><style type=\"text\/css\"><\/style><div class=\"fusion-title title fusion-title-1 fusion-sep-none fusion-title-text fusion-title-size-one\" style=\"font-size:14px;margin-top:15px;margin-bottom:15px;\"><h1 class=\"title-heading-left\" style=\"margin:0;font-size:1em;line-height:14px;\"><h2 style=\"text-align: center;\">Nos offres:<\/h2>\n<div class=\"job_listings\" data-location=\"\" data-keywords=\"\" data-show_filters=\"true\" data-show_pagination=\"true\" data-per_page=\"10\" data-orderby=\"featured\" data-order=\"DESC\" data-categories=\"\" data-disable-form-state-storage=\"\" data-featured_first=\"false\" data-post_id=\"14415\" >\n<form class=\"job_filters\" action=\"\">\n\t\n\t<div class=\"search_jobs\">\n\t\t\n\t\t<div class=\"search_keywords\">\n\t\t\t<label for=\"search_keywords\">Keywords<\/label>\n\t\t\t<input type=\"text\" name=\"search_keywords\" id=\"search_keywords\" placeholder=\"Keywords\" value=\"\" \/>\n\t\t<\/div>\n\n\t\t<div class=\"search_location\">\n\t\t\t<label for=\"search_location\">Location<\/label>\n\t\t\t<input type=\"text\" name=\"search_location\" id=\"search_location\" placeholder=\"Location\" value=\"\" \/>\n\t\t<\/div>\n\n\t\t\n\t\t<div style=\"clear: both\"><\/div>\n\n\t\t\n\t\t\t\t\t<div class=\"search_submit\">\n\t\t\t\t<input type=\"submit\" value=\"Search Jobs\">\n\t\t\t<\/div>\n\t\t\n\t\t\t<\/div>\n\n\t\t<ul class=\"job_types\">\n\t\t\t\t\t<li><label for=\"job_type_cdd\" class=\"cdd\"><input type=\"checkbox\" name=\"filter_job_type[]\" value=\"cdd\"  checked='checked' id=\"job_type_cdd\" \/> CDD<\/label><\/li>\n\t\t\t\t\t<li><label for=\"job_type_cdi\" class=\"cdi\"><input type=\"checkbox\" name=\"filter_job_type[]\" value=\"cdi\"  checked='checked' id=\"job_type_cdi\" \/> CDI<\/label><\/li>\n\t\t\t\t\t<li><label for=\"job_type_stage\" class=\"stage\"><input type=\"checkbox\" name=\"filter_job_type[]\" value=\"stage\"  checked='checked' id=\"job_type_stage\" \/> stage<\/label><\/li>\n\t\t\t<\/ul>\n\t<input type=\"hidden\" name=\"filter_job_type[]\" value=\"\" \/>\n<div class=\"showing_jobs\"><\/div><input type=\"hidden\" name=\"trp-form-language\" value=\"en\"\/><\/form>\n\n\n<noscript>Your browser does not support JavaScript, or it is disabled. JavaScript must be enabled in order to view listings.<\/noscript>\n<ul class=\"job_listings\">\n<\/ul>\n<\/div><\/h1><\/div><style type=\"text\/css\"><\/style><div class=\"fusion-title title fusion-title-2 fusion-sep-none fusion-title-text fusion-title-size-one\" style=\"margin-top:15px;margin-bottom:15px;\"><h1 class=\"title-heading-left\" style=\"margin:0;\">Job application:<\/h1><\/div><div class=\"fusion-clearfix\"><\/div><\/div><\/div><div  class=\"fusion-layout-column fusion_builder_column fusion_builder_column_1_1 fusion-builder-column-1 fusion-one-full fusion-column-first fusion-column-last 1_1\"  style='margin-top:10px;margin-bottom:10px;'><div class=\"fusion-column-wrapper\" style=\"padding: 0px 0px 0px 0px;background-position:left top;background-repeat:no-repeat;-webkit-background-size:cover;-moz-background-size:cover;-o-background-size:cover;background-size:cover;\"   data-bg-url=\"\">\n<div class=\"wpcf7 no-js\" id=\"wpcf7-f14980-o1\" lang=\"fr-FR\" dir=\"ltr\" data-wpcf7-id=\"14980\">\n<div class=\"screen-reader-response\"><p role=\"status\" aria-live=\"polite\" aria-atomic=\"true\"><\/p> <ul><\/ul><\/div>\n<form action=\"\/en\/wp-json\/wp\/v2\/pages\/14415#wpcf7-f14980-o1\" method=\"post\" class=\"wpcf7-form init\" aria-label=\"Formulaire de contact\" enctype=\"multipart\/form-data\" novalidate=\"novalidate\" data-status=\"init\" data-trp-original-action=\"\/en\/wp-json\/wp\/v2\/pages\/14415#wpcf7-f14980-o1\">\n<div style=\"display: none;\">\n<input type=\"hidden\" name=\"_wpcf7\" value=\"14980\" \/>\n<input type=\"hidden\" name=\"_wpcf7_version\" value=\"6.0.6\" \/>\n<input type=\"hidden\" name=\"_wpcf7_locale\" value=\"fr_FR\" \/>\n<input type=\"hidden\" name=\"_wpcf7_unit_tag\" value=\"wpcf7-f14980-o1\" \/>\n<input type=\"hidden\" name=\"_wpcf7_container_post\" value=\"0\" \/>\n<input type=\"hidden\" name=\"_wpcf7_posted_data_hash\" value=\"\" \/>\n<\/div>\n<p><label> Full name*<span class=\"wpcf7-form-control-wrap\" data-name=\"your-name\"><input size=\"40\" maxlength=\"400\" class=\"wpcf7-form-control wpcf7-text wpcf7-validates-as-required\" aria-required=\"true\" aria-invalid=\"false\" value=\"\" type=\"text\" name=\"your-name\" \/><\/span> <\/label>\n<\/p>\n<p><label> Email*<br \/>\n<span class=\"wpcf7-form-control-wrap\" data-name=\"your-email\"><input size=\"40\" maxlength=\"400\" class=\"wpcf7-form-control wpcf7-email wpcf7-validates-as-required wpcf7-text wpcf7-validates-as-email\" aria-required=\"true\" aria-invalid=\"false\" value=\"\" type=\"email\" name=\"your-email\" \/><\/span> <\/label>\n<\/p>\n<p><label> Phone number<br \/>\n<span class=\"wpcf7-form-control-wrap\" data-name=\"tel-707\"><input size=\"40\" maxlength=\"400\" class=\"wpcf7-form-control wpcf7-tel wpcf7-text wpcf7-validates-as-tel\" aria-invalid=\"false\" value=\"\" type=\"tel\" name=\"tel-707\" \/><\/span> <\/label>\n<\/p>\n<p><label> Subject:<br \/>\n<span class=\"wpcf7-form-control-wrap\" data-name=\"your-subject\"><input size=\"40\" maxlength=\"400\" class=\"wpcf7-form-control wpcf7-text\" aria-invalid=\"false\" value=\"\" type=\"text\" name=\"your-subject\" \/><\/span> <\/label>\n<\/p>\n<p><label> Description<br \/>\n<span class=\"wpcf7-form-control-wrap\" data-name=\"your-message\"><textarea cols=\"40\" rows=\"10\" maxlength=\"2000\" class=\"wpcf7-form-control wpcf7-textarea\" aria-invalid=\"false\" name=\"your-message\"><\/textarea><\/span> <\/label>\n<\/p>\n<p><label> Attached file (CV)<br \/>\n<span class=\"wpcf7-form-control-wrap\" data-name=\"Picejointe\"><input size=\"40\" class=\"wpcf7-form-control wpcf7-file\" accept=\"audio\/*,video\/*,image\/*\" aria-invalid=\"false\" type=\"file\" name=\"Picejointe\" \/><\/span> <label><br \/>\n<\/label><\/label>\n<\/p>\n<p> Captcha<br \/>\n<input type=\"hidden\" name=\"_wpcf7_captcha_challenge_captcha-170\" value=\"32422009\" \/><img loading=\"lazy\" decoding=\"async\" class=\"wpcf7-form-control wpcf7-captchac wpcf7-captcha-captcha-170\" width=\"72\" height=\"24\" alt=\"captcha\" src=\"https:\/\/www.gaches.com\/wp-content\/uploads\/wpcf7_captcha\/32422009.png\" \/><br \/>\n<span class=\"wpcf7-form-control-wrap\" data-name=\"captcha-170\"><input size=\"4\" maxlength=\"4\" class=\"wpcf7-form-control wpcf7-captchar\" autocomplete=\"off\" aria-invalid=\"false\" value=\"\" type=\"text\" name=\"captcha-170\" \/><\/span>\n<\/p>\n<p><span id=\"wpcf7-6a034b05544cd-wrapper\" class=\"wpcf7-form-control-wrap input_hidden_formulaire_rh-wrap\" style=\"display:none !important; visibility:hidden !important;\"><label for=\"wpcf7-6a034b05544cd-field\" class=\"hp-message\">Veuillez laisser ce champ vide.<\/label><input id=\"wpcf7-6a034b05544cd-field\"  class=\"wpcf7-form-control wpcf7-text\" type=\"text\" name=\"input_hidden_formulaire_rh\" value=\"\" size=\"40\" tabindex=\"-1\" autocomplete=\"new-password\" \/><\/span>\n<\/p>\n<p><input class=\"wpcf7-form-control wpcf7-submit has-spinner\" type=\"submit\" value=\"Send\" \/>\n<\/p><input\n                    class=\"apbct_special_field apbct_email_id__wp_contact_form_7\"\n                    name=\"apbct__email_id__wp_contact_form_7\"\n                    aria-label=\"apbct__label_id__wp_contact_form_7\"\n                    type=\"text\" size=\"30\" maxlength=\"200\" autocomplete=\"off\"\n                    value=\"\"\n                \/><p style=\"display: none !important;\" class=\"akismet-fields-container\" data-prefix=\"_wpcf7_ak_\"><label>&#916;<textarea name=\"_wpcf7_ak_hp_textarea\" cols=\"45\" rows=\"8\" maxlength=\"100\"><\/textarea><\/label><input type=\"hidden\" id=\"ak_js_1\" name=\"_wpcf7_ak_js\" value=\"0\"\/><script>document.getElementById( \"ak_js_1\" ).setAttribute( \"value\", ( new Date() ).getTime() );<\/script><\/p><input type='hidden' class='wpcf7-pum' value='{\"closepopup\":false,\"closedelay\":0,\"openpopup\":false,\"openpopup_id\":0}' \/><div class=\"fusion-alert alert custom alert-custom fusion-alert-center wpcf7-response-output fusion-alert-capitalize alert-dismissable\" style=\"border-width:1px;\"><button type=\"button\" class=\"close toggle-alert\" data-dismiss=\"alert\" aria-hidden=\"true\">&times;<\/button><div class=\"fusion-alert-content-wrapper\"><span class=\"fusion-alert-content\"><\/span><\/div><\/div>\n<input type=\"hidden\" name=\"trp-form-language\" value=\"en\"\/><\/form>\n<\/div>\n<div class=\"fusion-clearfix\"><\/div><\/div><\/div><\/div><\/div>","protected":false},"excerpt":{"rendered":"","protected":false},"author":2,"featured_media":0,"parent":0,"menu_order":0,"comment_status":"closed","ping_status":"closed","template":"","meta":{"_monsterinsights_skip_tracking":false,"_monsterinsights_sitenote_active":false,"_monsterinsights_sitenote_note":"","_monsterinsights_sitenote_category":0,"footnotes":""},"class_list":["post-14415","page","type-page","status-publish","hentry"],"yoast_head":"<!-- This site is optimized with the Yoast SEO plugin v23.4 - https:\/\/yoast.com\/wordpress\/plugins\/seo\/ -->\n<title>Gaches Chimie &#8212; Offres d&#039;emploi<\/title>\n<meta name=\"description\" content=\"Gaches Chimie propose des postes dans des domaines vari\u00e9s vous souhaitez rejoindre l\u2019aventure postulez \u00e0 nos offres d&#039;emploi.\" \/>\n<meta name=\"robots\" content=\"index, follow, max-snippet:-1, max-image-preview:large, max-video-preview:-1\" \/>\n<link rel=\"canonical\" href=\"https:\/\/www.gaches.com\/en\/offres-demploi\/\" \/>\n<meta property=\"og:locale\" content=\"en_US\" \/>\n<meta property=\"og:type\" content=\"article\" \/>\n<meta property=\"og:title\" content=\"Gaches Chimie &#8212; Offres d&#039;emploi\" \/>\n<meta property=\"og:description\" content=\"Gaches Chimie propose des postes dans des domaines vari\u00e9s vous souhaitez rejoindre l\u2019aventure postulez \u00e0 nos offres d&#039;emploi.\" \/>\n<meta property=\"og:url\" content=\"https:\/\/www.gaches.com\/en\/offres-demploi\/\" \/>\n<meta property=\"og:site_name\" content=\"Gaches Chimie\" \/>\n<meta property=\"article:modified_time\" content=\"2022-10-20T08:30:58+00:00\" \/>\n<meta name=\"twitter:card\" content=\"summary_large_image\" \/>\n<meta name=\"twitter:label1\" content=\"Est. reading time\" \/>\n\t<meta name=\"twitter:data1\" content=\"2 minutes\" \/>\n<script type=\"application\/ld+json\" class=\"yoast-schema-graph\">{\"@context\":\"https:\/\/schema.org\",\"@graph\":[{\"@type\":\"WebPage\",\"@id\":\"https:\/\/www.gaches.com\/offres-demploi\/\",\"url\":\"https:\/\/www.gaches.com\/offres-demploi\/\",\"name\":\"Gaches Chimie &#8212; Offres d'emploi\",\"isPartOf\":{\"@id\":\"https:\/\/www.gaches.com\/#website\"},\"datePublished\":\"2019-05-29T07:26:04+00:00\",\"dateModified\":\"2022-10-20T08:30:58+00:00\",\"description\":\"Gaches Chimie propose des postes dans des domaines vari\u00e9s vous souhaitez rejoindre l\u2019aventure postulez \u00e0 nos offres d'emploi.\",\"breadcrumb\":{\"@id\":\"https:\/\/www.gaches.com\/offres-demploi\/#breadcrumb\"},\"inLanguage\":\"en-US\",\"potentialAction\":[{\"@type\":\"ReadAction\",\"target\":[\"https:\/\/www.gaches.com\/offres-demploi\/\"]}]},{\"@type\":\"BreadcrumbList\",\"@id\":\"https:\/\/www.gaches.com\/offres-demploi\/#breadcrumb\",\"itemListElement\":[{\"@type\":\"ListItem\",\"position\":1,\"name\":\"Accueil\",\"item\":\"https:\/\/www.gaches.com\/\"},{\"@type\":\"ListItem\",\"position\":2,\"name\":\"Offres d&#8217;emploi\"}]},{\"@type\":\"WebSite\",\"@id\":\"https:\/\/www.gaches.com\/#website\",\"url\":\"https:\/\/www.gaches.com\/\",\"name\":\"Gaches Chimie\",\"description\":\"Global Chemical Solutions\",\"potentialAction\":[{\"@type\":\"SearchAction\",\"target\":{\"@type\":\"EntryPoint\",\"urlTemplate\":\"https:\/\/www.gaches.com\/?s={search_term_string}\"},\"query-input\":{\"@type\":\"PropertyValueSpecification\",\"valueRequired\":true,\"valueName\":\"search_term_string\"}}],\"inLanguage\":\"en-US\"}]}<\/script>\n<!-- \/ Yoast SEO plugin. -->","yoast_head_json":{"title":"Gaches Chimie &#8212; Offres d'emploi","description":"Gaches Chimie propose des postes dans des domaines vari\u00e9s vous souhaitez rejoindre l\u2019aventure postulez \u00e0 nos offres d'emploi.","robots":{"index":"index","follow":"follow","max-snippet":"max-snippet:-1","max-image-preview":"max-image-preview:large","max-video-preview":"max-video-preview:-1"},"canonical":"https:\/\/www.gaches.com\/en\/offres-demploi\/","og_locale":"en_US","og_type":"article","og_title":"Gaches Chimie &#8212; Offres d'emploi","og_description":"Gaches Chimie propose des postes dans des domaines vari\u00e9s vous souhaitez rejoindre l\u2019aventure postulez \u00e0 nos offres d'emploi.","og_url":"https:\/\/www.gaches.com\/en\/offres-demploi\/","og_site_name":"Gaches Chimie","article_modified_time":"2022-10-20T08:30:58+00:00","twitter_card":"summary_large_image","twitter_misc":{"Est. reading time":"2 minutes"},"schema":{"@context":"https:\/\/schema.org","@graph":[{"@type":"WebPage","@id":"https:\/\/www.gaches.com\/offres-demploi\/","url":"https:\/\/www.gaches.com\/offres-demploi\/","name":"Gaches Chimie &#8212; Offres d'emploi","isPartOf":{"@id":"https:\/\/www.gaches.com\/#website"},"datePublished":"2019-05-29T07:26:04+00:00","dateModified":"2022-10-20T08:30:58+00:00","description":"Gaches Chimie propose des postes dans des domaines vari\u00e9s vous souhaitez rejoindre l\u2019aventure postulez \u00e0 nos offres d'emploi.","breadcrumb":{"@id":"https:\/\/www.gaches.com\/offres-demploi\/#breadcrumb"},"inLanguage":"en-US","potentialAction":[{"@type":"ReadAction","target":["https:\/\/www.gaches.com\/offres-demploi\/"]}]},{"@type":"BreadcrumbList","@id":"https:\/\/www.gaches.com\/offres-demploi\/#breadcrumb","itemListElement":[{"@type":"ListItem","position":1,"name":"Accueil","item":"https:\/\/www.gaches.com\/"},{"@type":"ListItem","position":2,"name":"Offres d&#8217;emploi"}]},{"@type":"WebSite","@id":"https:\/\/www.gaches.com\/#website","url":"https:\/\/www.gaches.com\/","name":"Gaches Chimie","description":"Global Chemical Solutions","potentialAction":[{"@type":"SearchAction","target":{"@type":"EntryPoint","urlTemplate":"https:\/\/www.gaches.com\/?s={search_term_string}"},"query-input":{"@type":"PropertyValueSpecification","valueRequired":true,"valueName":"search_term_string"}}],"inLanguage":"en-US"}]}},"_links":{"self":[{"href":"https:\/\/www.gaches.com\/en\/wp-json\/wp\/v2\/pages\/14415"}],"collection":[{"href":"https:\/\/www.gaches.com\/en\/wp-json\/wp\/v2\/pages"}],"about":[{"href":"https:\/\/www.gaches.com\/en\/wp-json\/wp\/v2\/types\/page"}],"author":[{"embeddable":true,"href":"https:\/\/www.gaches.com\/en\/wp-json\/wp\/v2\/users\/2"}],"replies":[{"embeddable":true,"href":"https:\/\/www.gaches.com\/en\/wp-json\/wp\/v2\/comments?post=14415"}],"version-history":[{"count":0,"href":"https:\/\/www.gaches.com\/en\/wp-json\/wp\/v2\/pages\/14415\/revisions"}],"wp:attachment":[{"href":"https:\/\/www.gaches.com\/en\/wp-json\/wp\/v2\/media?parent=14415"}],"curies":[{"name":"wp","href":"https:\/\/api.w.org\/{rel}","templated":true}]}}