{"id":14353,"date":"2019-05-23T10:10:51","date_gmt":"2019-05-23T08:10:51","guid":{"rendered":"https:\/\/www.gaches.com\/?page_id=14353"},"modified":"2025-12-23T11:06:47","modified_gmt":"2025-12-23T10:06:47","slug":"conditions-generales-de-vente-et-dachat","status":"publish","type":"page","link":"https:\/\/www.gaches.com\/en\/conditions-generales-de-vente-et-dachat\/","title":{"rendered":"Terms of sales"},"content":{"rendered":"<div class=\"fusion-fullwidth fullwidth-box fusion-builder-row-1 nonhundred-percent-fullwidth non-hundred-percent-height-scrolling\"  style='background-color: rgba(255,255,255,0);background-position: center center;background-repeat: no-repeat;padding-top:0px;padding-right:0px;padding-bottom:0px;padding-left:0px;'><div class=\"fusion-builder-row fusion-row\"><div  class=\"fusion-layout-column fusion_builder_column fusion_builder_column_1_1 fusion-builder-column-0 fusion-one-full fusion-column-first fusion-column-last 1_1\"  style='margin-top:10px;margin-bottom:10px;'><div class=\"fusion-column-wrapper\" style=\"padding: 0px 0px 0px 0px;background-position:left top;background-repeat:no-repeat;-webkit-background-size:cover;-moz-background-size:cover;-o-background-size:cover;background-size:cover;\"   data-bg-url=\"\"><style type=\"text\/css\"><\/style><div class=\"fusion-title title fusion-title-1 fusion-sep-none fusion-title-text fusion-title-size-one\" style=\"margin-top:15px;margin-bottom:15px;\"><h1 class=\"title-heading-left\" style=\"margin:0;\">GACHES CHIMIE<\/h1><\/div><div class=\"fusion-text\"><h3><a href=\"https:\/\/www.gaches.com\/wp-content\/uploads\/documents\/cg\/CGV_GC_FR.pdf\" target=\"_blank\" rel=\"noopener noreferrer\">GACHES CHIMIE &#8211; Conditions g\u00e9n\u00e9rales de vente FR<\/a><\/h3>\n<h3><a href=\"https:\/\/www.gaches.com\/wp-content\/uploads\/documents\/cg\/CGV_GC_EN.pdf\">GACHES CHIMIE &#8211; Terms of sales EN<\/a><\/h3>\n<h3><a href=\"https:\/\/www.gaches.com\/wp-content\/uploads\/documents\/cg\/Conditions_generales_achats_SA_V2.2.pdf\">GACHES CHIMIE &#8211; Conditions g\u00e9n\u00e9rales d&rsquo;achat<\/a><\/h3>\n<p>IDENTIFIANT UNIQUE Cit\u00e9o Emballages m\u00e9nagers\u00a0: FR209865_01YGSN<\/p>\n<\/div><style type=\"text\/css\"><\/style><div class=\"fusion-title title fusion-title-2 fusion-sep-none fusion-title-text fusion-title-size-one\" style=\"margin-top:15px;margin-bottom:15px;\"><h1 class=\"title-heading-left\" style=\"margin:0;\">GACHES CHIMIE SP\u00c9CIALIT\u00c9S<\/h1><\/div><div class=\"fusion-text\"><h3><a href=\"https:\/\/www.gaches.com\/wp-content\/uploads\/documents\/cg\/CGV_GCS_FR.pdf\">GACHES CHIMIE SP\u00c9CIALIT\u00c9S &#8211; Conditions g\u00e9n\u00e9rales de vente FR<\/a><\/h3>\n<h3><a href=\"https:\/\/www.gaches.com\/wp-content\/uploads\/documents\/cg\/CGV_GCS_EN.pdf\">GACHES CHIMIE SP\u00c9CIALIT\u00c9S\u00a0&#8211; Terms of sales EN<\/a><\/h3>\n<h3><a href=\"https:\/\/www.gaches.com\/wp-content\/uploads\/documents\/cg\/Conditions_generales_achats_GCS_V2.2.pdf\">GACHES CHIMIE SP\u00c9CIALIT\u00c9S &#8211; Conditions g\u00e9n\u00e9rales d&rsquo;achat<\/a><\/h3>\n<p>IDENTIFIANT UNIQUE REP ECO DDS : FR218043_07QPWT<\/p>\n<\/div><style type=\"text\/css\"><\/style><div class=\"fusion-title title fusion-title-3 fusion-sep-none fusion-title-text fusion-title-size-one\" style=\"margin-top:15px;margin-bottom:15px;\"><h1 class=\"title-heading-left\" style=\"margin:0;\">GACHES CHIMIE MAROC<\/h1><\/div><div class=\"fusion-text\"><h3><a href=\"https:\/\/www.gaches.com\/wp-content\/uploads\/gc\/Conditions_generales_ventes_GCM_V3.pdf\">GACHES CHIMIE MAROC- Conditions g\u00e9n\u00e9rales de vente FR<\/a><\/h3>\n<\/div><style type=\"text\/css\"><\/style><div class=\"fusion-title title fusion-title-4 fusion-sep-none fusion-title-text fusion-title-size-one\" style=\"margin-top:15px;margin-bottom:15px;\"><h1 class=\"title-heading-left\" style=\"margin:0;\">LA GLORIETTE<\/h1><\/div><div class=\"fusion-text\"><h3><a href=\"https:\/\/www.gaches.com\/wp-content\/uploads\/documents\/cg\/CGV_LG.pdf\">LA GLORIETTE &#8211; Conditions g\u00e9n\u00e9rales de vente FR<\/a><\/h3>\n<\/div><div class=\"fusion-text\"><p>IDENTIFIANT UNIQUE Cit\u00e9o Emballages m\u00e9nagers\u00a0: FR214980_01MOXG<\/p>\n<p>IDENTIFIANT UNIQUE REP ECO DDS : FR214980_07QEQI<\/p>\n<\/div><div class=\"fusion-clearfix\"><\/div><\/div><\/div><\/div><\/div>","protected":false},"excerpt":{"rendered":"","protected":false},"author":2,"featured_media":0,"parent":0,"menu_order":0,"comment_status":"closed","ping_status":"closed","template":"","meta":{"_monsterinsights_skip_tracking":false,"_monsterinsights_sitenote_active":false,"_monsterinsights_sitenote_note":"","_monsterinsights_sitenote_category":0,"footnotes":""},"class_list":["post-14353","page","type-page","status-publish","hentry"],"yoast_head":"<!-- This site is optimized with the Yoast SEO plugin v23.4 - https:\/\/yoast.com\/wordpress\/plugins\/seo\/ -->\n<title>Gaches Chimie &#8212; Conditions g\u00e9n\u00e9rales de vente et d&#039;achat<\/title>\n<meta name=\"description\" content=\"Trouvez ici les conditions g\u00e9n\u00e9rales relative \u00e0 la vente, \u00e0 l&#039;achat de produits et solutions du groupe Gaches Chimie.\" \/>\n<meta name=\"robots\" content=\"index, follow, max-snippet:-1, max-image-preview:large, max-video-preview:-1\" \/>\n<link rel=\"canonical\" href=\"https:\/\/www.gaches.com\/en\/conditions-generales-de-vente-et-dachat\/\" \/>\n<meta property=\"og:locale\" content=\"en_US\" \/>\n<meta property=\"og:type\" content=\"article\" \/>\n<meta property=\"og:title\" content=\"Gaches Chimie &#8212; Conditions g\u00e9n\u00e9rales de vente et d&#039;achat\" \/>\n<meta property=\"og:description\" content=\"Trouvez ici les conditions g\u00e9n\u00e9rales relative \u00e0 la vente, \u00e0 l&#039;achat de produits et solutions du groupe Gaches Chimie.\" \/>\n<meta property=\"og:url\" content=\"https:\/\/www.gaches.com\/en\/conditions-generales-de-vente-et-dachat\/\" \/>\n<meta property=\"og:site_name\" content=\"Gaches Chimie\" \/>\n<meta property=\"article:modified_time\" content=\"2025-12-23T10:06:47+00:00\" \/>\n<meta name=\"twitter:card\" content=\"summary_large_image\" \/>\n<meta name=\"twitter:label1\" content=\"Est. reading time\" \/>\n\t<meta name=\"twitter:data1\" content=\"2 minutes\" \/>\n<script type=\"application\/ld+json\" class=\"yoast-schema-graph\">{\"@context\":\"https:\/\/schema.org\",\"@graph\":[{\"@type\":\"WebPage\",\"@id\":\"https:\/\/www.gaches.com\/conditions-generales-de-vente-et-dachat\/\",\"url\":\"https:\/\/www.gaches.com\/conditions-generales-de-vente-et-dachat\/\",\"name\":\"Gaches Chimie &#8212; Conditions g\u00e9n\u00e9rales de vente et d'achat\",\"isPartOf\":{\"@id\":\"https:\/\/www.gaches.com\/#website\"},\"datePublished\":\"2019-05-23T08:10:51+00:00\",\"dateModified\":\"2025-12-23T10:06:47+00:00\",\"description\":\"Trouvez ici les conditions g\u00e9n\u00e9rales relative \u00e0 la vente, \u00e0 l'achat de produits et solutions du groupe Gaches Chimie.\",\"breadcrumb\":{\"@id\":\"https:\/\/www.gaches.com\/conditions-generales-de-vente-et-dachat\/#breadcrumb\"},\"inLanguage\":\"en-US\",\"potentialAction\":[{\"@type\":\"ReadAction\",\"target\":[\"https:\/\/www.gaches.com\/conditions-generales-de-vente-et-dachat\/\"]}]},{\"@type\":\"BreadcrumbList\",\"@id\":\"https:\/\/www.gaches.com\/conditions-generales-de-vente-et-dachat\/#breadcrumb\",\"itemListElement\":[{\"@type\":\"ListItem\",\"position\":1,\"name\":\"Accueil\",\"item\":\"https:\/\/www.gaches.com\/\"},{\"@type\":\"ListItem\",\"position\":2,\"name\":\"Conditions g\u00e9n\u00e9rales de vente et d&rsquo;achat\"}]},{\"@type\":\"WebSite\",\"@id\":\"https:\/\/www.gaches.com\/#website\",\"url\":\"https:\/\/www.gaches.com\/\",\"name\":\"Gaches Chimie\",\"description\":\"Global Chemical Solutions\",\"potentialAction\":[{\"@type\":\"SearchAction\",\"target\":{\"@type\":\"EntryPoint\",\"urlTemplate\":\"https:\/\/www.gaches.com\/?s={search_term_string}\"},\"query-input\":{\"@type\":\"PropertyValueSpecification\",\"valueRequired\":true,\"valueName\":\"search_term_string\"}}],\"inLanguage\":\"en-US\"}]}<\/script>\n<!-- \/ Yoast SEO plugin. -->","yoast_head_json":{"title":"Gaches Chimie &#8212; Conditions g\u00e9n\u00e9rales de vente et d'achat","description":"Trouvez ici les conditions g\u00e9n\u00e9rales relative \u00e0 la vente, \u00e0 l'achat de produits et solutions du groupe Gaches Chimie.","robots":{"index":"index","follow":"follow","max-snippet":"max-snippet:-1","max-image-preview":"max-image-preview:large","max-video-preview":"max-video-preview:-1"},"canonical":"https:\/\/www.gaches.com\/en\/conditions-generales-de-vente-et-dachat\/","og_locale":"en_US","og_type":"article","og_title":"Gaches Chimie &#8212; Conditions g\u00e9n\u00e9rales de vente et d'achat","og_description":"Trouvez ici les conditions g\u00e9n\u00e9rales relative \u00e0 la vente, \u00e0 l'achat de produits et solutions du groupe Gaches Chimie.","og_url":"https:\/\/www.gaches.com\/en\/conditions-generales-de-vente-et-dachat\/","og_site_name":"Gaches Chimie","article_modified_time":"2025-12-23T10:06:47+00:00","twitter_card":"summary_large_image","twitter_misc":{"Est. reading time":"2 minutes"},"schema":{"@context":"https:\/\/schema.org","@graph":[{"@type":"WebPage","@id":"https:\/\/www.gaches.com\/conditions-generales-de-vente-et-dachat\/","url":"https:\/\/www.gaches.com\/conditions-generales-de-vente-et-dachat\/","name":"Gaches Chimie &#8212; Conditions g\u00e9n\u00e9rales de vente et d'achat","isPartOf":{"@id":"https:\/\/www.gaches.com\/#website"},"datePublished":"2019-05-23T08:10:51+00:00","dateModified":"2025-12-23T10:06:47+00:00","description":"Trouvez ici les conditions g\u00e9n\u00e9rales relative \u00e0 la vente, \u00e0 l'achat de produits et solutions du groupe Gaches Chimie.","breadcrumb":{"@id":"https:\/\/www.gaches.com\/conditions-generales-de-vente-et-dachat\/#breadcrumb"},"inLanguage":"en-US","potentialAction":[{"@type":"ReadAction","target":["https:\/\/www.gaches.com\/conditions-generales-de-vente-et-dachat\/"]}]},{"@type":"BreadcrumbList","@id":"https:\/\/www.gaches.com\/conditions-generales-de-vente-et-dachat\/#breadcrumb","itemListElement":[{"@type":"ListItem","position":1,"name":"Accueil","item":"https:\/\/www.gaches.com\/"},{"@type":"ListItem","position":2,"name":"Conditions g\u00e9n\u00e9rales de vente et d&rsquo;achat"}]},{"@type":"WebSite","@id":"https:\/\/www.gaches.com\/#website","url":"https:\/\/www.gaches.com\/","name":"Gaches Chimie","description":"Global Chemical Solutions","potentialAction":[{"@type":"SearchAction","target":{"@type":"EntryPoint","urlTemplate":"https:\/\/www.gaches.com\/?s={search_term_string}"},"query-input":{"@type":"PropertyValueSpecification","valueRequired":true,"valueName":"search_term_string"}}],"inLanguage":"en-US"}]}},"_links":{"self":[{"href":"https:\/\/www.gaches.com\/en\/wp-json\/wp\/v2\/pages\/14353"}],"collection":[{"href":"https:\/\/www.gaches.com\/en\/wp-json\/wp\/v2\/pages"}],"about":[{"href":"https:\/\/www.gaches.com\/en\/wp-json\/wp\/v2\/types\/page"}],"author":[{"embeddable":true,"href":"https:\/\/www.gaches.com\/en\/wp-json\/wp\/v2\/users\/2"}],"replies":[{"embeddable":true,"href":"https:\/\/www.gaches.com\/en\/wp-json\/wp\/v2\/comments?post=14353"}],"version-history":[{"count":0,"href":"https:\/\/www.gaches.com\/en\/wp-json\/wp\/v2\/pages\/14353\/revisions"}],"wp:attachment":[{"href":"https:\/\/www.gaches.com\/en\/wp-json\/wp\/v2\/media?parent=14353"}],"curies":[{"name":"wp","href":"https:\/\/api.w.org\/{rel}","templated":true}]}}