{"id":13607,"date":"2019-03-06T16:41:15","date_gmt":"2019-03-06T15:41:15","guid":{"rendered":"https:\/\/www.gaches.com\/?page_id=13607"},"modified":"2025-01-02T17:10:46","modified_gmt":"2025-01-02T16:10:46","slug":"e-services","status":"publish","type":"page","link":"https:\/\/www.gaches.com\/en\/e-services\/","title":{"rendered":"E-Services"},"content":{"rendered":"<p><div class=\"fusion-fullwidth fullwidth-box fusion-builder-row-1 nonhundred-percent-fullwidth non-hundred-percent-height-scrolling\"  style='background-color: rgba(255,255,255,0);background-position: center center;background-repeat: no-repeat;padding-top:0px;padding-right:0px;padding-bottom:0px;padding-left:0px;'><div class=\"fusion-builder-row fusion-row\"><div  class=\"fusion-layout-column fusion_builder_column fusion_builder_column_1_1 fusion-builder-column-0 fusion-one-full fusion-column-first fusion-column-last 1_1\"  style='margin-top:10px;margin-bottom:10px;'><div class=\"fusion-column-wrapper\" style=\"padding: 0px 0px 0px 0px;background-position:left top;background-repeat:no-repeat;-webkit-background-size:cover;-moz-background-size:cover;-o-background-size:cover;background-size:cover;\"   data-bg-url=\"\"><style type=\"text\/css\"><\/style><div class=\"fusion-title title fusion-title-1 fusion-sep-none fusion-title-text fusion-title-size-one\" style=\"margin-top:15px;margin-bottom:15px;\"><h1 class=\"title-heading-left\" style=\"margin:0;\"><h1 class=\"entry-title fusion-responsive-typography-calculated\" style=\"text-align: center;\" data-fontsize=\"21\" data-lineheight=\"29.4px\">E-SERVICES<\/h1><\/h1><\/div><style type=\"text\/css\"><\/style><div class=\"fusion-title title fusion-title-2 fusion-sep-none fusion-title-text fusion-title-size-two\" style=\"margin-top:15px;margin-bottom:15px;\"><h2 class=\"title-heading-left\" style=\"margin:0;\"><strong>Dans le but de faciliter nos \u00e9changes commerciaux et r\u00e9glementaires avec nos clients, <\/strong>Gaches Chimie a d\u00e9velopp\u00e9 des interfaces e-services d\u00e9di\u00e9s:<\/h2><\/div><div class=\"fusion-clearfix\"><\/div><\/div><\/div><div  class=\"fusion-layout-column fusion_builder_column fusion_builder_column_1_1 fusion-builder-column-1 fusion-one-full fusion-column-first fusion-column-last 1_1\"  style='margin-top:10px;margin-bottom:10px;'><div class=\"fusion-column-wrapper\" style=\"padding: 0px 0px 0px 0px;background-position:left top;background-repeat:no-repeat;-webkit-background-size:cover;-moz-background-size:cover;-o-background-size:cover;background-size:cover;\"   data-bg-url=\"\"><div class=\"fusion-content-boxes content-boxes columns row fusion-columns-1 fusion-columns-total-5 fusion-content-boxes-1 content-boxes-icon-on-side content-left\" data-animationoffset=\"100%\" style=\"margin-top:;margin-bottom:;\"><style type=\"text\/css\">.fusion-content-boxes-1 .heading .content-box-heading {color:#00847e;}\n\t\t\t\t\t.fusion-content-boxes-1 .fusion-content-box-hover .link-area-link-icon-hover .heading .content-box-heading,\n\t\t\t\t\t.fusion-content-boxes-1 .fusion-content-box-hover .link-area-link-icon-hover .heading .heading-link .content-box-heading,\n\t\t\t\t\t.fusion-content-boxes-1 .fusion-content-box-hover .link-area-box-hover .heading .content-box-heading,\n\t\t\t\t\t.fusion-content-boxes-1 .fusion-content-box-hover .link-area-box-hover .heading .heading-link .content-box-heading,\n\t\t\t\t\t.fusion-content-boxes-1 .fusion-content-box-hover .link-area-link-icon-hover.link-area-box .fusion-read-more,\n\t\t\t\t\t.fusion-content-boxes-1 .fusion-content-box-hover .link-area-link-icon-hover.link-area-box .fusion-read-more::after,\n\t\t\t\t\t.fusion-content-boxes-1 .fusion-content-box-hover .link-area-link-icon-hover.link-area-box .fusion-read-more::before,\n\t\t\t\t\t.fusion-content-boxes-1 .fusion-content-box-hover .fusion-read-more:hover:after,\n\t\t\t\t\t.fusion-content-boxes-1 .fusion-content-box-hover .fusion-read-more:hover:before,\n\t\t\t\t\t.fusion-content-boxes-1 .fusion-content-box-hover .fusion-read-more:hover,\n\t\t\t\t\t.fusion-content-boxes-1 .fusion-content-box-hover .link-area-box-hover.link-area-box .fusion-read-more,\n\t\t\t\t\t.fusion-content-boxes-1 .fusion-content-box-hover .link-area-box-hover.link-area-box .fusion-read-more::after,\n\t\t\t\t\t.fusion-content-boxes-1 .fusion-content-box-hover .link-area-box-hover.link-area-box .fusion-read-more::before,\n\t\t\t\t\t.fusion-content-boxes-1 .fusion-content-box-hover .link-area-link-icon-hover .icon .circle-no,\n\t\t\t\t\t.fusion-content-boxes-1 .heading .heading-link:hover .content-box-heading {\n\t\t\t\t\t\tcolor: #024d71;\n\t\t\t\t\t}\n\t\t\t\t\t.fusion-content-boxes-1 .fusion-content-box-hover .link-area-box-hover .icon .circle-no {\n\t\t\t\t\t\tcolor: #024d71 !important;\n\t\t\t\t\t}.fusion-content-boxes-1 .fusion-content-box-hover .link-area-box.link-area-box-hover .fusion-content-box-button {background: #024d71;color: #ffffff;}.fusion-content-boxes-1 .fusion-content-box-hover .link-area-box.link-area-box-hover .fusion-content-box-button .fusion-button-text {color: #ffffff;}\n\t\t\t\t\t.fusion-content-boxes-1 .fusion-content-box-hover .link-area-link-icon-hover .heading .icon > span {\n\t\t\t\t\t\tbackground-color: #024d71 !important;\n\t\t\t\t\t}\n\t\t\t\t\t.fusion-content-boxes-1 .fusion-content-box-hover .link-area-box-hover .heading .icon > span {\n\t\t\t\t\t\tborder-color: #024d71 !important;\n\t\t\t\t\t}<\/style><div class=\"fusion-column content-box-column content-box-column content-box-column-1 col-lg-12 col-md-12 col-sm-12 fusion-content-box-hover content-box-column-last-in-row\"><div class=\"col content-box-wrapper content-wrapper-background link-area-link-icon icon-hover-animation-none\" style=\"background-color:#f0f5f7;\" data-animationoffset=\"100%\"><div class=\"heading heading-with-icon icon-left\"><div class=\"icon\"><i style=\"border-color:#212934;border-width:0px;background-color:#00847e;box-sizing:content-box;height:62px;width:62px;line-height:62px;border-radius:50%;color:#ffffff;font-size:31px;\" class=\"fontawesome-icon fa-cloudsmith fab circle-yes\"><\/i><\/div><h2 class=\"content-box-heading\" style=\"font-size:18px;line-height:23px;padding-left:82px;\">EDI<\/h2><\/div><div class=\"fusion-clearfix\"><\/div><div class=\"content-container\" style=\"padding-left:82px;color:#6f7172;\">\n<p class=\"translation-block\">We ensure Electronic Data Interchange standards in order to automate data exchanges with our customer's ERP.<br>\nAlready settled up with multiple customers, this EDI system ensures rapid and reliable data transactions.<\/p>\n<\/div><\/div><\/div><div class=\"fusion-column content-box-column content-box-column content-box-column-2 col-lg-12 col-md-12 col-sm-12 fusion-content-box-hover content-box-column-last-in-row\"><div class=\"col content-box-wrapper content-wrapper-background link-area-link-icon link-type-text icon-hover-animation-none\" style=\"background-color:#f0f5f7;\" data-animationoffset=\"100%\"><div class=\"heading heading-with-icon icon-left\"><a class=\"heading-link\" href=\"https:\/\/www.gaches.com\/en\/?page_id=13035\" target=\"_self\"><div class=\"icon\"><i style=\"border-color:#212934;border-width:0px;background-color:#00847e;box-sizing:content-box;height:62px;width:62px;line-height:62px;border-radius:50%;color:#ffffff;font-size:31px;\" class=\"fontawesome-icon fa-laptop fas circle-yes\"><\/i><\/div><h2 class=\"content-box-heading\" style=\"font-size:18px;line-height:23px;padding-left:82px;\">E-Chemicals Data Management<\/h2><\/a><\/div><div class=\"fusion-clearfix\"><\/div><div class=\"content-container\" style=\"padding-left:82px;color:#6f7172;\">\n<p class=\"translation-block\">A platform dedicated to the digital management for your chemicals products. All the information concerning the hazards, market availability, physico-chemical and regulatory data (REACH, RoHS\u2026) are stored on a secure SaaS platform. <br>\n<strong>And it's FREE for evey product we sell !<\/strong><\/p>\n<div class=\"fusion-button-wrapper\"><style type=\"text\/css\">.fusion-button.button-1 {border-radius:2px;}<\/style><a class=\"fusion-button button-flat fusion-button-default-size button-default button-1 fusion-button-default-span fusion-button-default-type\" target=\"_self\" href=\"https:\/\/extranet.gaches.com\/\"><span class=\"fusion-button-text\">Login<\/span><\/a><\/div>\n<p><!--more--><\/p>\n<\/div><div class=\"fusion-clearfix\"><\/div><a class=\"fusion-read-more\" style=\"margin-left:82px;\" href=\"https:\/\/www.gaches.com\/en\/?page_id=13035\" target=\"_self\">Find out more<\/a><div class=\"fusion-clearfix\"><\/div><\/div><\/div><div class=\"fusion-column content-box-column content-box-column content-box-column-3 col-lg-12 col-md-12 col-sm-12 fusion-content-box-hover content-box-column-last-in-row\"><div class=\"col content-box-wrapper content-wrapper-background link-area-link-icon icon-hover-animation-none\" style=\"background-color:#f0f5f7;\" data-animationoffset=\"100%\"><div class=\"heading heading-with-icon icon-left\"><div class=\"icon\"><i style=\"border-color:#212934;border-width:0px;background-color:#00847e;box-sizing:content-box;height:62px;width:62px;line-height:62px;border-radius:50%;color:#ffffff;font-size:31px;\" class=\"fontawesome-icon fa-laptop fas circle-yes\"><\/i><\/div><h2 class=\"content-box-heading\" style=\"font-size:18px;line-height:23px;padding-left:82px;\">E-Supply<\/h2><\/div><div class=\"fusion-clearfix\"><\/div><div class=\"content-container\" style=\"padding-left:82px;color:#6f7172;\">\n<p class=\"translation-block\">E-supply is a platform dedicated to the <strong>reordering based on customer's previous purchases.<\/strong> On top of basics features like adding product into a shopping cart and requesting a delivery date, the platform gives the order history and order statistics view and allows to duplicate orders.<\/p>\n<div class=\"fusion-button-wrapper\"><style type=\"text\/css\">.fusion-button.button-2 {border-radius:2px;}<\/style><a class=\"fusion-button button-flat fusion-button-default-size button-default button-2 fusion-button-default-span fusion-button-default-type\" target=\"_self\" href=\"https:\/\/e-supply.gaches.com\/\"><span class=\"fusion-button-text\">Login<\/span><\/a><\/div>\n<\/div><\/div><\/div><div class=\"fusion-column content-box-column content-box-column content-box-column-4 col-lg-12 col-md-12 col-sm-12 fusion-content-box-hover content-box-column-last-in-row\"><div class=\"col content-box-wrapper content-wrapper-background link-area-link-icon icon-hover-animation-none\" style=\"background-color:#f0f5f7;\" data-animationoffset=\"100%\"><div class=\"heading heading-with-icon icon-left\"><div class=\"icon\"><i style=\"border-color:#212934;border-width:0px;background-color:#00847e;box-sizing:content-box;height:62px;width:62px;line-height:62px;border-radius:50%;color:#ffffff;font-size:31px;\" class=\"fontawesome-icon fa-cc-visa fab circle-yes\"><\/i><\/div><h2 class=\"content-box-heading\" style=\"font-size:18px;line-height:23px;padding-left:82px;\">Online payment<\/h2><\/div><div class=\"fusion-clearfix\"><\/div><div class=\"content-container\" style=\"padding-left:82px;color:#6f7172;\">\n<p>Besides traditional payment methods, you can pay through an online form by just filling in your credit card details.<\/p>\n<div class=\"fusion-button-wrapper\"><style type=\"text\/css\">.fusion-button.button-3 {border-radius:2px;}<\/style><a class=\"fusion-button button-flat fusion-button-default-size button-default button-3 fusion-button-default-span fusion-button-default-type\" target=\"_self\" href=\"https:\/\/payment.gaches.com\/\"><span class=\"fusion-button-text\">Login<\/span><\/a><\/div>\n<\/div><\/div><\/div><div class=\"fusion-column content-box-column content-box-column content-box-column-5 col-lg-12 col-md-12 col-sm-12 fusion-content-box-hover content-box-column-last content-box-column-last-in-row\"><div class=\"col content-box-wrapper content-wrapper-background link-area-link-icon icon-hover-animation-none\" style=\"background-color:#f0f5f7;\" data-animationoffset=\"100%\"><div class=\"heading heading-with-icon icon-left\"><div class=\"icon\"><i style=\"border-color:#212934;border-width:0px;background-color:#00847e;box-sizing:content-box;height:62px;width:62px;line-height:62px;border-radius:50%;color:#ffffff;font-size:31px;\" class=\"fontawesome-icon fa-eye far circle-yes\"><\/i><\/div><h2 class=\"content-box-heading\" style=\"font-size:18px;line-height:23px;padding-left:82px;\">Online Tracking<\/h2><\/div><div class=\"fusion-clearfix\"><\/div><div class=\"content-container\" style=\"padding-left:82px;color:#6f7172;\">\n<p>A platform dedicated to order tracking. Follow your order's statut from the creation to the delivery.<\/p>\n<div class=\"fusion-button-wrapper\"><style type=\"text\/css\">.fusion-button.button-4 {border-radius:2px;}<\/style><a class=\"fusion-button button-flat fusion-button-default-size button-default button-4 fusion-button-default-span fusion-button-default-type\" target=\"_self\" href=\"https:\/\/tracking.gaches.com\/boffice\/\"><span class=\"fusion-button-text\">Login<\/span><\/a><\/div>\n<\/div><\/div><\/div><style type=\"text\/css\">\n\t\t\t\t\t\t.fusion-content-boxes-1 .fusion-content-box-hover .heading-link:hover .icon i.circle-yes,\n\t\t\t\t\t\t.fusion-content-boxes-1 .fusion-content-box-hover .link-area-box:hover .heading-link .icon i.circle-yes,\n\t\t\t\t\t\t.fusion-content-boxes-1 .fusion-content-box-hover .link-area-link-icon-hover .heading .icon i.circle-yes,\n\t\t\t\t\t\t.fusion-content-boxes-1 .fusion-content-box-hover .link-area-box-hover .heading .icon i.circle-yes {\n\t\t\t\t\t\t\tbackground-color: #024d71 !important;\n\t\t\t\t\t\t\tborder-color: #024d71 !important;\n\t\t\t\t\t\t}<\/style><div class=\"fusion-clearfix\"><\/div><\/div><div class=\"fusion-text\"><p>Pour en savoir plus sur l&rsquo;histoire de Gaches Chimie, <a href=\"https:\/\/www.gaches.com\/en\/groupe-gaches-chimie\/\">click here<\/a><\/p>\n<\/div><div class=\"fusion-clearfix\"><\/div><\/div><\/div><\/div><\/div><div class=\"fusion-fullwidth fullwidth-box fusion-builder-row-2 hundred-percent-fullwidth non-hundred-percent-height-scrolling\"  style='background-color: rgba(255,255,255,0);background-position: center center;background-repeat: no-repeat;padding-top:0px;padding-right:0px;padding-bottom:0px;padding-left:0px;margin-bottom: 5px;margin-top: 5px;'><div class=\"fusion-builder-row fusion-row\"><div  class=\"fusion-layout-column fusion_builder_column fusion_builder_column_1_1 fusion-builder-column-2 fusion-one-full fusion-column-first fusion-column-last 1_1\"  style='margin-top:10px;margin-bottom:10px;'><div class=\"fusion-column-wrapper\" style=\"background-color:#00847e;padding: 8px 0px 8px 0px;background-position:left top;background-repeat:no-repeat;-webkit-background-size:cover;-moz-background-size:cover;-o-background-size:cover;background-size:cover;\"   data-bg-url=\"\"><style type=\"text\/css\"><\/style><div class=\"fusion-title title fusion-title-3 fusion-sep-none fusion-title-text fusion-title-size-one\" style=\"margin-top:0px;margin-bottom:0px;\"><h1 class=\"title-heading-left\" style=\"margin:0;letter-spacing:5px;\"><p style=\"text-align: center;\"><span style=\"color: #ffffff;\">Meet our team of experts<\/span><\/p><\/h1><\/div><div class=\"fusion-text\"><p style=\"text-align: center;\"><span style=\"color: #ffffff;\">Tel: +33 5 61 44 67 67\u00a0<\/span><\/p>\n<\/div><div class=\"fusion-button-wrapper fusion-aligncenter\"><style type=\"text\/css\">.fusion-button.button-5 .fusion-button-text, .fusion-button.button-5 i {color:#024f71;}.fusion-button.button-5 .fusion-button-icon-divider{border-color:#024f71;}.fusion-button.button-5:hover .fusion-button-text, .fusion-button.button-5:hover i,.fusion-button.button-5:focus .fusion-button-text, .fusion-button.button-5:focus i,.fusion-button.button-5:active .fusion-button-text, .fusion-button.button-5:active{color:#ffffff;}.fusion-button.button-5:hover .fusion-button-icon-divider, .fusion-button.button-5:hover .fusion-button-icon-divider, .fusion-button.button-5:active .fusion-button-icon-divider{border-color:#ffffff;}.fusion-button.button-5:hover, .fusion-button.button-5:focus, .fusion-button.button-5:active{border-color:#ffffff;}.fusion-button.button-5 {border-color:#024f71;border-radius:2px;}.fusion-button.button-5{background: #ffffff;}.fusion-button.button-5:hover,.button-5:focus,.fusion-button.button-5:active{background: #6f7172;}<\/style><a class=\"fusion-button button-flat fusion-button-default-size button-custom button-5 fusion-button-default-span fusion-button-default-type\" target=\"_self\" title=\"Demande de Devis \/ D&#039;information\" href=\"https:\/\/www.gaches.com\/en\/?page_id=13595\" id=\"13590\"><span class=\"fusion-button-text\">Ask for information<\/span><\/a><\/div><div class=\"fusion-sep-clear\"><\/div><div class=\"fusion-separator fusion-full-width-sep sep-none\" style=\"margin-left: auto;margin-right: auto;margin-top:;\"><\/div><div class=\"fusion-button-wrapper fusion-aligncenter\"><style type=\"text\/css\">.fusion-button.button-6 .fusion-button-text, .fusion-button.button-6 i {color:#024f71;}.fusion-button.button-6 .fusion-button-icon-divider{border-color:#024f71;}.fusion-button.button-6:hover .fusion-button-text, .fusion-button.button-6:hover i,.fusion-button.button-6:focus .fusion-button-text, .fusion-button.button-6:focus i,.fusion-button.button-6:active .fusion-button-text, .fusion-button.button-6:active{color:#ffffff;}.fusion-button.button-6:hover .fusion-button-icon-divider, .fusion-button.button-6:hover .fusion-button-icon-divider, .fusion-button.button-6:active .fusion-button-icon-divider{border-color:#ffffff;}.fusion-button.button-6:hover, .fusion-button.button-6:focus, .fusion-button.button-6:active{border-color:#ffffff;}.fusion-button.button-6 {border-color:#024f71;border-radius:2px;}.fusion-button.button-6{background: #ffffff;}.fusion-button.button-6:hover,.button-6:focus,.fusion-button.button-6:active{background: #6f7172;}<\/style><a class=\"fusion-button button-flat fusion-button-default-size button-custom button-6 fusion-button-default-span fusion-button-default-type\" target=\"_self\" title=\"Demande de Devis \/ D&#039;information\" href=\"https:\/\/www.gaches.com\/en\/?page_id=13595\" id=\"13590\"><span class=\"fusion-button-text\">Ask for quote<\/span><\/a><\/div><div class=\"fusion-clearfix\"><\/div><\/div><\/div><\/div><\/div><\/p>","protected":false},"excerpt":{"rendered":"<p class=\"translation-block\">A platform dedicated to the digital management for your chemicals products. All the information concerning the hazards, market availability, physico-chemical and regulatory data (REACH, RoHS\u2026) are stored on a secure SaaS platform. <br>\n<strong>And it's FREE for evey product we sell !<\/strong><\/p>","protected":false},"author":2,"featured_media":0,"parent":0,"menu_order":0,"comment_status":"closed","ping_status":"closed","template":"","meta":{"_monsterinsights_skip_tracking":false,"_monsterinsights_sitenote_active":false,"_monsterinsights_sitenote_note":"","_monsterinsights_sitenote_category":0,"footnotes":""},"class_list":["post-13607","page","type-page","status-publish","hentry"],"yoast_head":"<!-- This site is optimized with the Yoast SEO plugin v23.4 - https:\/\/yoast.com\/wordpress\/plugins\/seo\/ -->\n<title>E-Services plateformes d&#039;\u00e9change client<\/title>\n<meta name=\"description\" content=\"E-Services d\u00e9velopp\u00e9s par Gaches Chimie dans le but de faciliter nos \u00e9changes commerciaux et r\u00e9glementaires avec nos clients.\" \/>\n<meta name=\"robots\" content=\"index, follow, max-snippet:-1, max-image-preview:large, max-video-preview:-1\" \/>\n<link rel=\"canonical\" href=\"https:\/\/www.gaches.com\/en\/e-services\/\" \/>\n<meta property=\"og:locale\" content=\"en_US\" \/>\n<meta property=\"og:type\" content=\"article\" \/>\n<meta property=\"og:title\" content=\"E-Services plateformes d&#039;\u00e9change client\" \/>\n<meta property=\"og:description\" content=\"E-Services d\u00e9velopp\u00e9s par Gaches Chimie dans le but de faciliter nos \u00e9changes commerciaux et r\u00e9glementaires avec nos clients.\" \/>\n<meta property=\"og:url\" content=\"https:\/\/www.gaches.com\/en\/e-services\/\" \/>\n<meta property=\"og:site_name\" content=\"Gaches Chimie\" \/>\n<meta property=\"article:modified_time\" content=\"2025-01-02T16:10:46+00:00\" \/>\n<meta name=\"twitter:card\" content=\"summary_large_image\" \/>\n<meta name=\"twitter:label1\" content=\"Est. reading time\" \/>\n\t<meta name=\"twitter:data1\" content=\"5 minutes\" \/>\n<script type=\"application\/ld+json\" class=\"yoast-schema-graph\">{\"@context\":\"https:\/\/schema.org\",\"@graph\":[{\"@type\":\"WebPage\",\"@id\":\"https:\/\/www.gaches.com\/e-services\/\",\"url\":\"https:\/\/www.gaches.com\/e-services\/\",\"name\":\"E-Services plateformes d'\u00e9change client\",\"isPartOf\":{\"@id\":\"https:\/\/www.gaches.com\/#website\"},\"datePublished\":\"2019-03-06T15:41:15+00:00\",\"dateModified\":\"2025-01-02T16:10:46+00:00\",\"description\":\"E-Services d\u00e9velopp\u00e9s par Gaches Chimie dans le but de faciliter nos \u00e9changes commerciaux et r\u00e9glementaires avec nos clients.\",\"breadcrumb\":{\"@id\":\"https:\/\/www.gaches.com\/e-services\/#breadcrumb\"},\"inLanguage\":\"en-US\",\"potentialAction\":[{\"@type\":\"ReadAction\",\"target\":[\"https:\/\/www.gaches.com\/e-services\/\"]}]},{\"@type\":\"BreadcrumbList\",\"@id\":\"https:\/\/www.gaches.com\/e-services\/#breadcrumb\",\"itemListElement\":[{\"@type\":\"ListItem\",\"position\":1,\"name\":\"Accueil\",\"item\":\"https:\/\/www.gaches.com\/\"},{\"@type\":\"ListItem\",\"position\":2,\"name\":\"E-Services\"}]},{\"@type\":\"WebSite\",\"@id\":\"https:\/\/www.gaches.com\/#website\",\"url\":\"https:\/\/www.gaches.com\/\",\"name\":\"Gaches Chimie\",\"description\":\"Global Chemical Solutions\",\"potentialAction\":[{\"@type\":\"SearchAction\",\"target\":{\"@type\":\"EntryPoint\",\"urlTemplate\":\"https:\/\/www.gaches.com\/?s={search_term_string}\"},\"query-input\":{\"@type\":\"PropertyValueSpecification\",\"valueRequired\":true,\"valueName\":\"search_term_string\"}}],\"inLanguage\":\"en-US\"}]}<\/script>\n<!-- \/ Yoast SEO plugin. -->","yoast_head_json":{"title":"E-Services plateformes d'\u00e9change client","description":"E-Services d\u00e9velopp\u00e9s par Gaches Chimie dans le but de faciliter nos \u00e9changes commerciaux et r\u00e9glementaires avec nos clients.","robots":{"index":"index","follow":"follow","max-snippet":"max-snippet:-1","max-image-preview":"max-image-preview:large","max-video-preview":"max-video-preview:-1"},"canonical":"https:\/\/www.gaches.com\/en\/e-services\/","og_locale":"en_US","og_type":"article","og_title":"E-Services plateformes d'\u00e9change client","og_description":"E-Services d\u00e9velopp\u00e9s par Gaches Chimie dans le but de faciliter nos \u00e9changes commerciaux et r\u00e9glementaires avec nos clients.","og_url":"https:\/\/www.gaches.com\/en\/e-services\/","og_site_name":"Gaches Chimie","article_modified_time":"2025-01-02T16:10:46+00:00","twitter_card":"summary_large_image","twitter_misc":{"Est. reading time":"5 minutes"},"schema":{"@context":"https:\/\/schema.org","@graph":[{"@type":"WebPage","@id":"https:\/\/www.gaches.com\/e-services\/","url":"https:\/\/www.gaches.com\/e-services\/","name":"E-Services plateformes d'\u00e9change client","isPartOf":{"@id":"https:\/\/www.gaches.com\/#website"},"datePublished":"2019-03-06T15:41:15+00:00","dateModified":"2025-01-02T16:10:46+00:00","description":"E-Services d\u00e9velopp\u00e9s par Gaches Chimie dans le but de faciliter nos \u00e9changes commerciaux et r\u00e9glementaires avec nos clients.","breadcrumb":{"@id":"https:\/\/www.gaches.com\/e-services\/#breadcrumb"},"inLanguage":"en-US","potentialAction":[{"@type":"ReadAction","target":["https:\/\/www.gaches.com\/e-services\/"]}]},{"@type":"BreadcrumbList","@id":"https:\/\/www.gaches.com\/e-services\/#breadcrumb","itemListElement":[{"@type":"ListItem","position":1,"name":"Accueil","item":"https:\/\/www.gaches.com\/"},{"@type":"ListItem","position":2,"name":"E-Services"}]},{"@type":"WebSite","@id":"https:\/\/www.gaches.com\/#website","url":"https:\/\/www.gaches.com\/","name":"Gaches Chimie","description":"Global Chemical Solutions","potentialAction":[{"@type":"SearchAction","target":{"@type":"EntryPoint","urlTemplate":"https:\/\/www.gaches.com\/?s={search_term_string}"},"query-input":{"@type":"PropertyValueSpecification","valueRequired":true,"valueName":"search_term_string"}}],"inLanguage":"en-US"}]}},"_links":{"self":[{"href":"https:\/\/www.gaches.com\/en\/wp-json\/wp\/v2\/pages\/13607"}],"collection":[{"href":"https:\/\/www.gaches.com\/en\/wp-json\/wp\/v2\/pages"}],"about":[{"href":"https:\/\/www.gaches.com\/en\/wp-json\/wp\/v2\/types\/page"}],"author":[{"embeddable":true,"href":"https:\/\/www.gaches.com\/en\/wp-json\/wp\/v2\/users\/2"}],"replies":[{"embeddable":true,"href":"https:\/\/www.gaches.com\/en\/wp-json\/wp\/v2\/comments?post=13607"}],"version-history":[{"count":0,"href":"https:\/\/www.gaches.com\/en\/wp-json\/wp\/v2\/pages\/13607\/revisions"}],"wp:attachment":[{"href":"https:\/\/www.gaches.com\/en\/wp-json\/wp\/v2\/media?parent=13607"}],"curies":[{"name":"wp","href":"https:\/\/api.w.org\/{rel}","templated":true}]}}