{"id":13595,"date":"2019-03-05T12:37:30","date_gmt":"2019-03-05T11:37:30","guid":{"rendered":"https:\/\/www.gaches.com\/?page_id=13595"},"modified":"2021-07-20T08:33:36","modified_gmt":"2021-07-20T06:33:36","slug":"formulaire-contact-information","status":"publish","type":"page","link":"https:\/\/www.gaches.com\/en\/formulaire-contact-information\/","title":{"rendered":"Formulaire de contact information\/devis"},"content":{"rendered":"<div class=\"fusion-fullwidth fullwidth-box fusion-builder-row-1 nonhundred-percent-fullwidth non-hundred-percent-height-scrolling\"  style='background-color: #ffffff;background-position: center center;background-repeat: no-repeat;padding-top:0px;padding-right:0px;padding-bottom:0px;padding-left:0px;'><div class=\"fusion-builder-row fusion-row\"><div  class=\"fusion-layout-column fusion_builder_column fusion_builder_column_1_5 fusion-builder-column-0 fusion-one-fifth fusion-column-first 1_5\"  style='margin-top:10px;margin-bottom:10px;width:20%;width:calc(20% - ( ( 4% + 4% ) * 0.2 ) );margin-right: 4%;'><div class=\"fusion-column-wrapper\" style=\"padding: 0px 0px 0px 0px;background-position:left top;background-repeat:no-repeat;-webkit-background-size:cover;-moz-background-size:cover;-o-background-size:cover;background-size:cover;\"   data-bg-url=\"\"><div class=\"fusion-clearfix\"><\/div><\/div><\/div><div  class=\"fusion-layout-column fusion_builder_column fusion_builder_column_3_5 fusion-builder-column-1 fusion-three-fifth 3_5\"  style='margin-top:10px;margin-bottom:10px;width:60%;width:calc(60% - ( ( 4% + 4% ) * 0.6 ) );margin-right: 4%;'><div class=\"fusion-column-wrapper\" style=\"padding: 0px 0px 0px 0px;background-position:left top;background-repeat:no-repeat;-webkit-background-size:cover;-moz-background-size:cover;-o-background-size:cover;background-size:cover;\"   data-bg-url=\"\">\n<div class=\"wpcf7 no-js\" id=\"wpcf7-f14958-o1\" lang=\"fr-FR\" dir=\"ltr\" data-wpcf7-id=\"14958\">\n<div class=\"screen-reader-response\"><p role=\"status\" aria-live=\"polite\" aria-atomic=\"true\"><\/p> <ul><\/ul><\/div>\n<form action=\"\/en\/wp-json\/wp\/v2\/pages\/13595#wpcf7-f14958-o1\" method=\"post\" class=\"wpcf7-form init\" aria-label=\"Formulaire de contact\" novalidate=\"novalidate\" data-status=\"init\" data-trp-original-action=\"\/en\/wp-json\/wp\/v2\/pages\/13595#wpcf7-f14958-o1\">\n<div style=\"display: none;\">\n<input type=\"hidden\" name=\"_wpcf7\" value=\"14958\" \/>\n<input type=\"hidden\" name=\"_wpcf7_version\" value=\"6.0.6\" \/>\n<input type=\"hidden\" name=\"_wpcf7_locale\" value=\"fr_FR\" \/>\n<input type=\"hidden\" name=\"_wpcf7_unit_tag\" value=\"wpcf7-f14958-o1\" \/>\n<input type=\"hidden\" name=\"_wpcf7_container_post\" value=\"0\" \/>\n<input type=\"hidden\" name=\"_wpcf7_posted_data_hash\" value=\"\" \/>\n<\/div>\n<p>Title*<span class=\"wpcf7-form-control-wrap\" data-name=\"your-title\"><span class=\"wpcf7-form-control wpcf7-radio\"><span class=\"wpcf7-list-item first\"><span class=\"wpcf7-list-item-label\">Mr.<\/span><input type=\"radio\" name=\"your-title\" value=\"Monsieur\" checked=\"checked\" \/><\/span><span class=\"wpcf7-list-item last\"><span class=\"wpcf7-list-item-label\">Mme.<\/span><input type=\"radio\" name=\"your-title\" value=\"Madame\" \/><\/span><\/span><\/span>\n<\/p>\n<p><label> Full name*<span class=\"wpcf7-form-control-wrap\" data-name=\"your-name\"><input size=\"40\" maxlength=\"400\" class=\"wpcf7-form-control wpcf7-text wpcf7-validates-as-required\" aria-required=\"true\" aria-invalid=\"false\" value=\"\" type=\"text\" name=\"your-name\" \/><\/span> <\/label>\n<\/p>\n<p><label> Company*<br \/>\n<span class=\"wpcf7-form-control-wrap\" data-name=\"your-company\"><input size=\"40\" maxlength=\"400\" class=\"wpcf7-form-control wpcf7-text wpcf7-validates-as-required\" aria-required=\"true\" aria-invalid=\"false\" value=\"\" type=\"text\" name=\"your-company\" \/><\/span> <\/label>\n<\/p>\n<p><label> City<br \/>\n<span class=\"wpcf7-form-control-wrap\" data-name=\"your-city\"><input size=\"40\" maxlength=\"400\" class=\"wpcf7-form-control wpcf7-text wpcf7-validates-as-required\" aria-required=\"true\" aria-invalid=\"false\" value=\"\" type=\"text\" name=\"your-city\" \/><\/span> <\/label>\n<\/p>\n<p><label> Email*<br \/>\n<span class=\"wpcf7-form-control-wrap\" data-name=\"your-email\"><input size=\"40\" maxlength=\"400\" class=\"wpcf7-form-control wpcf7-email wpcf7-validates-as-required wpcf7-text wpcf7-validates-as-email\" aria-required=\"true\" aria-invalid=\"false\" value=\"\" type=\"email\" name=\"your-email\" \/><\/span> <\/label>\n<\/p>\n<p><label> Phone number<br \/>\n<span class=\"wpcf7-form-control-wrap\" data-name=\"tel-707\"><input size=\"40\" maxlength=\"400\" class=\"wpcf7-form-control wpcf7-tel wpcf7-text wpcf7-validates-as-tel\" aria-invalid=\"false\" value=\"\" type=\"tel\" name=\"tel-707\" \/><\/span> <\/label>\n<\/p>\n<p>Your request concern*:<br \/>\n<span class=\"wpcf7-form-control-wrap\" data-name=\"your-demand\"><span class=\"wpcf7-form-control wpcf7-radio\"><span class=\"wpcf7-list-item first\"><span class=\"wpcf7-list-item-label\">Ask for information<\/span><input type=\"radio\" name=\"your-demand\" value=\"Demande d&#039;information\" \/><\/span><span class=\"wpcf7-list-item last\"><span class=\"wpcf7-list-item-label\">Request a quote<\/span><input type=\"radio\" name=\"your-demand\" value=\"Demande de Devis\" checked=\"checked\" \/><\/span><\/span><\/span>\n<\/p>\n<p><label> Objet*<br \/>\n<span class=\"wpcf7-form-control-wrap\" data-name=\"your-subject\"><input size=\"40\" maxlength=\"400\" class=\"wpcf7-form-control wpcf7-text wpcf7-validates-as-required\" aria-required=\"true\" aria-invalid=\"false\" value=\"\" type=\"text\" name=\"your-subject\" \/><\/span> <\/label>\n<\/p>\n<p><label> Description<br \/>\n<span class=\"wpcf7-form-control-wrap\" data-name=\"your-message\"><textarea cols=\"40\" rows=\"10\" maxlength=\"2000\" class=\"wpcf7-form-control wpcf7-textarea\" aria-invalid=\"false\" name=\"your-message\"><\/textarea><\/span> <\/label>\n<\/p>\n<p> Captcha<br \/>\n<input type=\"hidden\" name=\"_wpcf7_captcha_challenge_captcha-170\" value=\"4160530205\" \/><img loading=\"lazy\" decoding=\"async\" class=\"wpcf7-form-control wpcf7-captchac wpcf7-captcha-captcha-170\" width=\"72\" height=\"24\" alt=\"captcha\" src=\"https:\/\/www.gaches.com\/wp-content\/uploads\/wpcf7_captcha\/4160530205.png\" \/><br \/>\n<span class=\"wpcf7-form-control-wrap\" data-name=\"captcha-170\"><input size=\"4\" maxlength=\"4\" class=\"wpcf7-form-control wpcf7-captchar\" autocomplete=\"off\" aria-invalid=\"false\" value=\"\" type=\"text\" name=\"captcha-170\" \/><\/span>\n<\/p>\n<p><span id=\"wpcf7-6a03519e29b51-wrapper\" class=\"wpcf7-form-control-wrap input_hidden_formulaire_devis_information-wrap\" style=\"display:none !important; visibility:hidden !important;\"><label for=\"wpcf7-6a03519e29b51-field\" class=\"hp-message\">Veuillez laisser ce champ vide.<\/label><input id=\"wpcf7-6a03519e29b51-field\"  class=\"wpcf7-form-control wpcf7-text\" type=\"text\" name=\"input_hidden_formulaire_devis_information\" value=\"\" size=\"40\" tabindex=\"-1\" autocomplete=\"new-password\" \/><\/span>\n<\/p>\n<p><input class=\"wpcf7-form-control wpcf7-submit has-spinner\" type=\"submit\" value=\"Send\" \/>\n<\/p><input\n                    class=\"apbct_special_field apbct_email_id__wp_contact_form_7\"\n                    name=\"apbct__email_id__wp_contact_form_7\"\n                    aria-label=\"apbct__label_id__wp_contact_form_7\"\n                    type=\"text\" size=\"30\" maxlength=\"200\" autocomplete=\"off\"\n                    value=\"\"\n                \/><p style=\"display: none !important;\" class=\"akismet-fields-container\" data-prefix=\"_wpcf7_ak_\"><label>&#916;<textarea name=\"_wpcf7_ak_hp_textarea\" cols=\"45\" rows=\"8\" maxlength=\"100\"><\/textarea><\/label><input type=\"hidden\" id=\"ak_js_1\" name=\"_wpcf7_ak_js\" value=\"54\"\/><script>document.getElementById( \"ak_js_1\" ).setAttribute( \"value\", ( new Date() ).getTime() );<\/script><\/p><input type='hidden' class='wpcf7-pum' value='{\"closepopup\":false,\"closedelay\":0,\"openpopup\":false,\"openpopup_id\":0}' \/><div class=\"fusion-alert alert custom alert-custom fusion-alert-center wpcf7-response-output fusion-alert-capitalize alert-dismissable\" style=\"border-width:1px;\"><button type=\"button\" class=\"close toggle-alert\" data-dismiss=\"alert\" aria-hidden=\"true\">&times;<\/button><div class=\"fusion-alert-content-wrapper\"><span class=\"fusion-alert-content\"><\/span><\/div><\/div>\n<input type=\"hidden\" name=\"trp-form-language\" value=\"en\"\/><\/form>\n<\/div>\n<div class=\"fusion-clearfix\"><\/div><\/div><\/div><div  class=\"fusion-layout-column fusion_builder_column fusion_builder_column_1_5 fusion-builder-column-2 fusion-one-fifth fusion-column-last 1_5\"  style='margin-top:10px;margin-bottom:10px;width:20%;width:calc(20% - ( ( 4% + 4% ) * 0.2 ) );'><div class=\"fusion-column-wrapper\" style=\"padding: 0px 0px 0px 0px;background-position:left top;background-repeat:no-repeat;-webkit-background-size:cover;-moz-background-size:cover;-o-background-size:cover;background-size:cover;\"   data-bg-url=\"\"><div class=\"fusion-clearfix\"><\/div><\/div><\/div><\/div><\/div>","protected":false},"excerpt":{"rendered":"","protected":false},"author":2,"featured_media":0,"parent":0,"menu_order":0,"comment_status":"closed","ping_status":"closed","template":"","meta":{"_monsterinsights_skip_tracking":false,"_monsterinsights_sitenote_active":false,"_monsterinsights_sitenote_note":"","_monsterinsights_sitenote_category":0,"footnotes":""},"class_list":["post-13595","page","type-page","status-publish","hentry"],"yoast_head":"<!-- This site is optimized with the Yoast SEO plugin v23.4 - https:\/\/yoast.com\/wordpress\/plugins\/seo\/ -->\n<title>Gaches Chimie &#8212; Formulaire de contact information\/devis<\/title>\n<meta name=\"description\" content=\"Vous souhaitez des informations ? En r\u00e9pondent \u00e0 notre formulaire de contact Gaches Chimie s&#039;engage \u00e0 r\u00e9pondre \u00e0 vos besoins.\" \/>\n<meta name=\"robots\" content=\"index, follow, max-snippet:-1, max-image-preview:large, max-video-preview:-1\" \/>\n<link rel=\"canonical\" href=\"https:\/\/www.gaches.com\/en\/formulaire-contact-information\/\" \/>\n<meta property=\"og:locale\" content=\"en_US\" \/>\n<meta property=\"og:type\" content=\"article\" \/>\n<meta property=\"og:title\" content=\"Gaches Chimie &#8212; Formulaire de contact information\/devis\" \/>\n<meta property=\"og:description\" content=\"Vous souhaitez des informations ? En r\u00e9pondent \u00e0 notre formulaire de contact Gaches Chimie s&#039;engage \u00e0 r\u00e9pondre \u00e0 vos besoins.\" \/>\n<meta property=\"og:url\" content=\"https:\/\/www.gaches.com\/en\/formulaire-contact-information\/\" \/>\n<meta property=\"og:site_name\" content=\"Gaches Chimie\" \/>\n<meta property=\"article:modified_time\" content=\"2021-07-20T06:33:36+00:00\" \/>\n<meta name=\"twitter:card\" content=\"summary_large_image\" \/>\n<meta name=\"twitter:label1\" content=\"Est. reading time\" \/>\n\t<meta name=\"twitter:data1\" content=\"2 minutes\" \/>\n<script type=\"application\/ld+json\" class=\"yoast-schema-graph\">{\"@context\":\"https:\/\/schema.org\",\"@graph\":[{\"@type\":\"WebPage\",\"@id\":\"https:\/\/www.gaches.com\/formulaire-contact-information\/\",\"url\":\"https:\/\/www.gaches.com\/formulaire-contact-information\/\",\"name\":\"Gaches Chimie &#8212; Formulaire de contact information\/devis\",\"isPartOf\":{\"@id\":\"https:\/\/www.gaches.com\/#website\"},\"datePublished\":\"2019-03-05T11:37:30+00:00\",\"dateModified\":\"2021-07-20T06:33:36+00:00\",\"description\":\"Vous souhaitez des informations ? En r\u00e9pondent \u00e0 notre formulaire de contact Gaches Chimie s'engage \u00e0 r\u00e9pondre \u00e0 vos besoins.\",\"breadcrumb\":{\"@id\":\"https:\/\/www.gaches.com\/formulaire-contact-information\/#breadcrumb\"},\"inLanguage\":\"en-US\",\"potentialAction\":[{\"@type\":\"ReadAction\",\"target\":[\"https:\/\/www.gaches.com\/formulaire-contact-information\/\"]}]},{\"@type\":\"BreadcrumbList\",\"@id\":\"https:\/\/www.gaches.com\/formulaire-contact-information\/#breadcrumb\",\"itemListElement\":[{\"@type\":\"ListItem\",\"position\":1,\"name\":\"Accueil\",\"item\":\"https:\/\/www.gaches.com\/\"},{\"@type\":\"ListItem\",\"position\":2,\"name\":\"Formulaire de contact information\/devis\"}]},{\"@type\":\"WebSite\",\"@id\":\"https:\/\/www.gaches.com\/#website\",\"url\":\"https:\/\/www.gaches.com\/\",\"name\":\"Gaches Chimie\",\"description\":\"Global Chemical Solutions\",\"potentialAction\":[{\"@type\":\"SearchAction\",\"target\":{\"@type\":\"EntryPoint\",\"urlTemplate\":\"https:\/\/www.gaches.com\/?s={search_term_string}\"},\"query-input\":{\"@type\":\"PropertyValueSpecification\",\"valueRequired\":true,\"valueName\":\"search_term_string\"}}],\"inLanguage\":\"en-US\"}]}<\/script>\n<!-- \/ Yoast SEO plugin. -->","yoast_head_json":{"title":"Gaches Chimie &#8212; Formulaire de contact information\/devis","description":"Vous souhaitez des informations ? En r\u00e9pondent \u00e0 notre formulaire de contact Gaches Chimie s'engage \u00e0 r\u00e9pondre \u00e0 vos besoins.","robots":{"index":"index","follow":"follow","max-snippet":"max-snippet:-1","max-image-preview":"max-image-preview:large","max-video-preview":"max-video-preview:-1"},"canonical":"https:\/\/www.gaches.com\/en\/formulaire-contact-information\/","og_locale":"en_US","og_type":"article","og_title":"Gaches Chimie &#8212; Formulaire de contact information\/devis","og_description":"Vous souhaitez des informations ? En r\u00e9pondent \u00e0 notre formulaire de contact Gaches Chimie s'engage \u00e0 r\u00e9pondre \u00e0 vos besoins.","og_url":"https:\/\/www.gaches.com\/en\/formulaire-contact-information\/","og_site_name":"Gaches Chimie","article_modified_time":"2021-07-20T06:33:36+00:00","twitter_card":"summary_large_image","twitter_misc":{"Est. reading time":"2 minutes"},"schema":{"@context":"https:\/\/schema.org","@graph":[{"@type":"WebPage","@id":"https:\/\/www.gaches.com\/formulaire-contact-information\/","url":"https:\/\/www.gaches.com\/formulaire-contact-information\/","name":"Gaches Chimie &#8212; Formulaire de contact information\/devis","isPartOf":{"@id":"https:\/\/www.gaches.com\/#website"},"datePublished":"2019-03-05T11:37:30+00:00","dateModified":"2021-07-20T06:33:36+00:00","description":"Vous souhaitez des informations ? En r\u00e9pondent \u00e0 notre formulaire de contact Gaches Chimie s'engage \u00e0 r\u00e9pondre \u00e0 vos besoins.","breadcrumb":{"@id":"https:\/\/www.gaches.com\/formulaire-contact-information\/#breadcrumb"},"inLanguage":"en-US","potentialAction":[{"@type":"ReadAction","target":["https:\/\/www.gaches.com\/formulaire-contact-information\/"]}]},{"@type":"BreadcrumbList","@id":"https:\/\/www.gaches.com\/formulaire-contact-information\/#breadcrumb","itemListElement":[{"@type":"ListItem","position":1,"name":"Accueil","item":"https:\/\/www.gaches.com\/"},{"@type":"ListItem","position":2,"name":"Formulaire de contact information\/devis"}]},{"@type":"WebSite","@id":"https:\/\/www.gaches.com\/#website","url":"https:\/\/www.gaches.com\/","name":"Gaches Chimie","description":"Global Chemical Solutions","potentialAction":[{"@type":"SearchAction","target":{"@type":"EntryPoint","urlTemplate":"https:\/\/www.gaches.com\/?s={search_term_string}"},"query-input":{"@type":"PropertyValueSpecification","valueRequired":true,"valueName":"search_term_string"}}],"inLanguage":"en-US"}]}},"_links":{"self":[{"href":"https:\/\/www.gaches.com\/en\/wp-json\/wp\/v2\/pages\/13595"}],"collection":[{"href":"https:\/\/www.gaches.com\/en\/wp-json\/wp\/v2\/pages"}],"about":[{"href":"https:\/\/www.gaches.com\/en\/wp-json\/wp\/v2\/types\/page"}],"author":[{"embeddable":true,"href":"https:\/\/www.gaches.com\/en\/wp-json\/wp\/v2\/users\/2"}],"replies":[{"embeddable":true,"href":"https:\/\/www.gaches.com\/en\/wp-json\/wp\/v2\/comments?post=13595"}],"version-history":[{"count":0,"href":"https:\/\/www.gaches.com\/en\/wp-json\/wp\/v2\/pages\/13595\/revisions"}],"wp:attachment":[{"href":"https:\/\/www.gaches.com\/en\/wp-json\/wp\/v2\/media?parent=13595"}],"curies":[{"name":"wp","href":"https:\/\/api.w.org\/{rel}","templated":true}]}}