{"id":13067,"date":"2018-09-11T10:47:13","date_gmt":"2018-09-11T08:47:13","guid":{"rendered":"https:\/\/www.gaches.com\/?page_id=13067"},"modified":"2026-02-05T13:40:14","modified_gmt":"2026-02-05T12:40:14","slug":"recrutement","status":"publish","type":"page","link":"https:\/\/www.gaches.com\/en\/recrutement\/","title":{"rendered":"Rejoindre Gaches Chimie"},"content":{"rendered":"<p><div class=\"fusion-fullwidth fullwidth-box fusion-builder-row-1 nonhundred-percent-fullwidth non-hundred-percent-height-scrolling\"  style='background-color: rgba(255,255,255,0);background-position: center center;background-repeat: no-repeat;padding-top:0px;padding-right:0px;padding-bottom:0px;padding-left:0px;'><div class=\"fusion-builder-row fusion-row\"><div  class=\"fusion-layout-column fusion_builder_column fusion_builder_column_1_1 fusion-builder-column-0 fusion-one-full fusion-column-first fusion-column-last 1_1\"  style='margin-top:20px;margin-bottom:20px;'><div class=\"fusion-column-wrapper\" style=\"padding: 20px 0px 20px 0px;background-position:left top;background-repeat:no-repeat;-webkit-background-size:cover;-moz-background-size:cover;-o-background-size:cover;background-size:cover;\"   data-bg-url=\"\"><div class=\"fusion-text\"><h2>Int\u00e9grer une <strong>Entreprise familiale,<\/strong> c&rsquo;est \u00eatre en ad\u00e9quation avec des <strong>valeurs humaines fortes<\/strong>. Non soumise au diktat du calendrier boursier, Gaches Chimie a d\u00e9j\u00e0 entam\u00e9 la <strong>transmission \u00e0 sa 3\u00e8me g\u00e9n\u00e9ration<\/strong>. Le Groupe a une vision d&rsquo;<strong>accroissement de la valeur sur le long terme<\/strong> et s&rsquo;entoure de talents engag\u00e9s, rigoureux et autonomes sur du long terme.<\/h2>\n<\/div><div class=\"fusion-clearfix\"><\/div><\/div><\/div><div  class=\"fusion-layout-column fusion_builder_column fusion_builder_column_1_1 fusion-builder-column-1 fusion-one-full fusion-column-first fusion-column-last 1_1\"  style='margin-top:10px;margin-bottom:10px;'><div class=\"fusion-column-wrapper\" style=\"padding: 0px 0px 0px 0px;background-position:left top;background-repeat:no-repeat;-webkit-background-size:cover;-moz-background-size:cover;-o-background-size:cover;background-size:cover;\"   data-bg-url=\"\"><div class=\"fusion-button-wrapper fusion-aligncenter\"><style type=\"text\/css\">.fusion-button.button-1 {border-radius:2px;}<\/style><a class=\"fusion-button button-flat fusion-button-default-size button-default button-1 fusion-button-default-span fusion-button-default-type\" target=\"_self\" href=\"https:\/\/www.gaches.com\/en\/?page_id=14415\"><span class=\"fusion-button-text\">Voir nos offres<\/span><\/a><\/div><div class=\"fusion-clearfix\"><\/div><\/div><\/div><\/div><\/div><div class=\"fusion-fullwidth fullwidth-box fusion-builder-row-2 nonhundred-percent-fullwidth non-hundred-percent-height-scrolling\"  style='background-color: rgba(255,255,255,0);background-position: center center;background-repeat: no-repeat;padding-top:0px;padding-right:0px;padding-bottom:0px;padding-left:0px;'><div class=\"fusion-builder-row fusion-row\"><div  class=\"fusion-layout-column fusion_builder_column fusion_builder_column_1_1 fusion-builder-column-2 fusion-one-full fusion-column-first fusion-column-last 1_1\"  style='margin-top:10px;margin-bottom:10px;'><div class=\"fusion-column-wrapper\" style=\"padding: 0px 0px 0px 0px;background-position:left top;background-repeat:no-repeat;-webkit-background-size:cover;-moz-background-size:cover;-o-background-size:cover;background-size:cover;\"   data-bg-url=\"\"><style type=\"text\/css\"><\/style><div class=\"fusion-title title fusion-title-1 fusion-sep-none fusion-title-text fusion-title-size-one\" style=\"margin-top:15px;margin-bottom:15px;\"><h1 class=\"title-heading-left\" style=\"margin:0;\">Les valeurs de l&rsquo;entreprise<\/h1><\/div><div class=\"fusion-text\"><p><strong>B\u00e2tie par des Hommes pour des Hommes<\/strong>, nous visons \u00e0 ce que chacun ait l&rsquo;<strong>envie de se lever le matin pour \u00eatre acteur d&rsquo;une aventure commune<\/strong> et ce, au del\u00e0 de l&rsquo;existence de difficult\u00e9s inh\u00e9rentes \u00e0 toute organisation.<\/p>\n<p>La flexibilit\u00e9 et l&rsquo;agilit\u00e9 du Groupe familial permet aux collaborateurs d&rsquo;entreprendre de nouveaux projets et d&rsquo;\u00eatre force de proposition mais surtout\u00a0 d&rsquo;\u00eatre ACTEUR du changement. Car l<strong>&lsquo;id\u00e9e ne prend sa valeur que dans la concr\u00e9tisation.<\/strong><\/p>\n<p>L&rsquo;<strong>Entreprise est un des piliers de l\u2019existence<\/strong> au c\u00f4t\u00e9 de la sant\u00e9 et de la vie personnelle, c&rsquo;est pourquoi la <strong>solidarit\u00e9<\/strong> dans les al\u00e9as exceptionnels et les moments forts de la vie de ses salari\u00e9s et de ses clients fait de Gaches Chimie une entreprise a visage humain.<\/p>\n<\/div><div class=\"fusion-clearfix\"><\/div><\/div><\/div><\/div><\/div><div class=\"fusion-fullwidth fullwidth-box fusion-builder-row-3 nonhundred-percent-fullwidth non-hundred-percent-height-scrolling\"  style='background-color: rgba(255,255,255,0);background-position: center center;background-repeat: no-repeat;padding-top:0px;padding-right:0px;padding-bottom:0px;padding-left:0px;'><div class=\"fusion-builder-row fusion-row\"><div  class=\"fusion-layout-column fusion_builder_column fusion_builder_column_1_1 fusion-builder-column-3 fusion-one-full fusion-column-first fusion-column-last 1_1\"  style='margin-top:10px;margin-bottom:10px;'><div class=\"fusion-column-wrapper\" style=\"padding: 0px 0px 0px 0px;background-position:left top;background-repeat:no-repeat;-webkit-background-size:cover;-moz-background-size:cover;-o-background-size:cover;background-size:cover;\"   data-bg-url=\"\"><div class=\"fusion-text\"><h1>\u00catre en ad\u00e9quation avec nos valeurs c&rsquo;est:<\/h1>\n<\/div><div class=\"fusion-content-boxes content-boxes columns row fusion-columns-2 fusion-columns-total-4 fusion-content-boxes-1 content-boxes-icon-on-side content-left\" data-animationoffset=\"100%\" style=\"margin-top:10px;margin-bottom:10px;\"><style type=\"text\/css\">.fusion-content-boxes-1 .heading .content-box-heading {color:#00847e;}\n\t\t\t\t\t.fusion-content-boxes-1 .fusion-content-box-hover .link-area-link-icon-hover .heading .content-box-heading,\n\t\t\t\t\t.fusion-content-boxes-1 .fusion-content-box-hover .link-area-link-icon-hover .heading .heading-link .content-box-heading,\n\t\t\t\t\t.fusion-content-boxes-1 .fusion-content-box-hover .link-area-box-hover .heading .content-box-heading,\n\t\t\t\t\t.fusion-content-boxes-1 .fusion-content-box-hover .link-area-box-hover .heading .heading-link .content-box-heading,\n\t\t\t\t\t.fusion-content-boxes-1 .fusion-content-box-hover .link-area-link-icon-hover.link-area-box .fusion-read-more,\n\t\t\t\t\t.fusion-content-boxes-1 .fusion-content-box-hover .link-area-link-icon-hover.link-area-box .fusion-read-more::after,\n\t\t\t\t\t.fusion-content-boxes-1 .fusion-content-box-hover .link-area-link-icon-hover.link-area-box .fusion-read-more::before,\n\t\t\t\t\t.fusion-content-boxes-1 .fusion-content-box-hover .fusion-read-more:hover:after,\n\t\t\t\t\t.fusion-content-boxes-1 .fusion-content-box-hover .fusion-read-more:hover:before,\n\t\t\t\t\t.fusion-content-boxes-1 .fusion-content-box-hover .fusion-read-more:hover,\n\t\t\t\t\t.fusion-content-boxes-1 .fusion-content-box-hover .link-area-box-hover.link-area-box .fusion-read-more,\n\t\t\t\t\t.fusion-content-boxes-1 .fusion-content-box-hover .link-area-box-hover.link-area-box .fusion-read-more::after,\n\t\t\t\t\t.fusion-content-boxes-1 .fusion-content-box-hover .link-area-box-hover.link-area-box .fusion-read-more::before,\n\t\t\t\t\t.fusion-content-boxes-1 .fusion-content-box-hover .link-area-link-icon-hover .icon .circle-no,\n\t\t\t\t\t.fusion-content-boxes-1 .heading .heading-link:hover .content-box-heading {\n\t\t\t\t\t\tcolor: #024d71;\n\t\t\t\t\t}\n\t\t\t\t\t.fusion-content-boxes-1 .fusion-content-box-hover .link-area-box-hover .icon .circle-no {\n\t\t\t\t\t\tcolor: #024d71 !important;\n\t\t\t\t\t}.fusion-content-boxes-1 .fusion-content-box-hover .link-area-box.link-area-box-hover .fusion-content-box-button {background: #024d71;color: #ffffff;}.fusion-content-boxes-1 .fusion-content-box-hover .link-area-box.link-area-box-hover .fusion-content-box-button .fusion-button-text {color: #ffffff;}\n\t\t\t\t\t.fusion-content-boxes-1 .fusion-content-box-hover .link-area-link-icon-hover .heading .icon > span {\n\t\t\t\t\t\tbackground-color: #024d71 !important;\n\t\t\t\t\t}\n\t\t\t\t\t.fusion-content-boxes-1 .fusion-content-box-hover .link-area-box-hover .heading .icon > span {\n\t\t\t\t\t\tborder-color: #024d71 !important;\n\t\t\t\t\t}<\/style><div class=\"fusion-column content-box-column content-box-column content-box-column-1 col-lg-6 col-md-6 col-sm-6 fusion-content-box-hover content-box-column-first-in-row\"><div class=\"col content-box-wrapper content-wrapper-background link-area-link-icon icon-hover-animation-none\" style=\"background-color:#f0f5f7;\" data-animationoffset=\"100%\"><div class=\"heading heading-with-icon icon-left\"><div class=\"icon\"><i style=\"border-color:#212934;border-width:0px;background-color:#00847e;box-sizing:content-box;height:42px;width:42px;line-height:42px;border-radius:50%;color:#ffffff;font-size:21px;\" class=\"fontawesome-icon fa-bullhorn fas circle-yes\"><\/i><\/div><h2 class=\"content-box-heading\" style=\"font-size:18px;line-height:23px;padding-left:62px;\">Savoir transformer une contrainte en opportunit\u00e9<\/h2><\/div><div class=\"fusion-clearfix\"><\/div><div class=\"content-container\" style=\"padding-left:62px;color:#6f7172;\">\n<p>Les fortes contraintes pesant sur le march\u00e9 des produits chimiques sont pour nous des tremplins \u00e0 innovation.<\/p>\n<\/div><\/div><\/div><div class=\"fusion-column content-box-column content-box-column content-box-column-2 col-lg-6 col-md-6 col-sm-6 fusion-content-box-hover content-box-column-last-in-row\"><div class=\"col content-box-wrapper content-wrapper-background link-area-link-icon icon-hover-animation-none\" style=\"background-color:#f0f5f7;\" data-animationoffset=\"100%\"><div class=\"heading heading-with-icon icon-left\"><div class=\"icon\"><i style=\"border-color:#212934;border-width:0px;background-color:#00847e;box-sizing:content-box;height:42px;width:42px;line-height:42px;border-radius:50%;color:#ffffff;font-size:21px;\" class=\"fontawesome-icon fa-bullhorn fas circle-yes\"><\/i><\/div><h2 class=\"content-box-heading\" style=\"font-size:18px;line-height:23px;padding-left:62px;\">Avoir une approche centr\u00e9e client<\/h2><\/div><div class=\"fusion-clearfix\"><\/div><div class=\"content-container\" style=\"padding-left:62px;color:#6f7172;\">\n<p>Chez Gaches Chimie, chaque client est unique. Nous adaptons et am\u00e9liorons nos relations commerciales au quotidien pour am\u00e9liorer l&rsquo;exp\u00e9rience client.<\/p>\n<\/div><\/div><\/div><div class=\"fusion-column content-box-column content-box-column content-box-column-3 col-lg-6 col-md-6 col-sm-6 fusion-content-box-hover content-box-column-first-in-row\"><div class=\"col content-box-wrapper content-wrapper-background link-area-link-icon icon-hover-animation-none\" style=\"background-color:#f0f5f7;\" data-animationoffset=\"100%\"><div class=\"heading heading-with-icon icon-left\"><div class=\"icon\"><i style=\"border-color:#212934;border-width:0px;background-color:#00847e;box-sizing:content-box;height:42px;width:42px;line-height:42px;border-radius:50%;color:#ffffff;font-size:21px;\" class=\"fontawesome-icon fa-bullhorn fas circle-yes\"><\/i><\/div><h2 class=\"content-box-heading\" style=\"font-size:18px;line-height:23px;padding-left:62px;\">Etre impliqu\u00e9 et appliqu\u00e9 <\/h2><\/div><div class=\"fusion-clearfix\"><\/div><div class=\"content-container\" style=\"padding-left:62px;color:#6f7172;\">\n<p>Donner du sens \u00e0 son travail, prendre des risques et les ma\u00eetriser. Etre promoteur, partager son savoir et faire progresser les autres.<\/p>\n<\/div><\/div><\/div><div class=\"fusion-column content-box-column content-box-column content-box-column-4 col-lg-6 col-md-6 col-sm-6 fusion-content-box-hover content-box-column-last content-box-column-last-in-row\"><div class=\"col content-box-wrapper content-wrapper-background link-area-link-icon icon-hover-animation-none\" style=\"background-color:#f0f5f7;\" data-animationoffset=\"100%\"><div class=\"heading heading-with-icon icon-left\"><div class=\"icon\"><i style=\"border-color:#212934;border-width:0px;background-color:#00847e;box-sizing:content-box;height:42px;width:42px;line-height:42px;border-radius:50%;color:#ffffff;font-size:21px;\" class=\"fontawesome-icon fa-bullhorn fas circle-yes\"><\/i><\/div><h2 class=\"content-box-heading\" style=\"font-size:18px;line-height:23px;padding-left:62px;\">Assumer ses responsabilit\u00e9s<\/h2><\/div><div class=\"fusion-clearfix\"><\/div><div class=\"content-container\" style=\"padding-left:62px;color:#6f7172;\">\n<p>Tout un chacun se doit d&rsquo;assumer ses responsabilit\u00e9s au niveau o\u00f9 il se trouve.<\/p>\n<\/div><\/div><\/div><style type=\"text\/css\">\n\t\t\t\t\t\t.fusion-content-boxes-1 .fusion-content-box-hover .heading-link:hover .icon i.circle-yes,\n\t\t\t\t\t\t.fusion-content-boxes-1 .fusion-content-box-hover .link-area-box:hover .heading-link .icon i.circle-yes,\n\t\t\t\t\t\t.fusion-content-boxes-1 .fusion-content-box-hover .link-area-link-icon-hover .heading .icon i.circle-yes,\n\t\t\t\t\t\t.fusion-content-boxes-1 .fusion-content-box-hover .link-area-box-hover .heading .icon i.circle-yes {\n\t\t\t\t\t\t\tbackground-color: #024d71 !important;\n\t\t\t\t\t\t\tborder-color: #024d71 !important;\n\t\t\t\t\t\t}<\/style><div class=\"fusion-clearfix\"><\/div><\/div><div class=\"fusion-clearfix\"><\/div><\/div><\/div><div  class=\"fusion-layout-column fusion_builder_column fusion_builder_column_1_1 fusion-builder-column-4 fusion-one-full fusion-column-first fusion-column-last 1_1\"  style='margin-top:10px;margin-bottom:10px;'><div class=\"fusion-column-wrapper\" style=\"padding: 10px 50px 20px 50px;background-position:left top;background-repeat:no-repeat;-webkit-background-size:cover;-moz-background-size:cover;-o-background-size:cover;background-size:cover;\"   data-bg-url=\"\"><div class=\"fusion-column-content-centered\"><div class=\"fusion-column-content\"><div class=\"fusion-text fusion-no-small-visibility\"><div style=\"width: 1100px;\" class=\"wp-video\"><!--[if lt IE 9]><script>document.createElement('video');<\/script><![endif]-->\n<video class=\"wp-video-shortcode\" id=\"video-13067-1\" width=\"1100\" height=\"619\" loop=\"1\" autoplay=\"1\" preload=\"metadata\" controls=\"controls\"><source type=\"video\/mp4\" src=\"https:\/\/www.gaches.com\/wp-content\/uploads\/2019\/06\/DJI_0011.mp4?_=1\" \/><a href=\"https:\/\/www.gaches.com\/wp-content\/uploads\/2019\/06\/DJI_0011.mp4\">https:\/\/www.gaches.com\/wp-content\/uploads\/2019\/06\/DJI_0011.mp4<\/a><\/video><\/div>\n<\/div><\/div><\/div><div class=\"fusion-clearfix\"><\/div><\/div><\/div><\/div><\/div><div class=\"fusion-fullwidth fullwidth-box fusion-builder-row-4 nonhundred-percent-fullwidth non-hundred-percent-height-scrolling\"  style='background-color: rgba(255,255,255,0);background-position: center center;background-repeat: no-repeat;padding-top:0px;padding-right:0px;padding-bottom:0px;padding-left:0px;'><div class=\"fusion-builder-row fusion-row\"><div  class=\"fusion-layout-column fusion_builder_column fusion_builder_column_1_1 fusion-builder-column-5 fusion-one-full fusion-column-first fusion-column-last 1_1\"  style='margin-top:10px;margin-bottom:10px;'><div class=\"fusion-column-wrapper\" style=\"padding: 0px 0px 0px 0px;background-position:left top;background-repeat:no-repeat;-webkit-background-size:cover;-moz-background-size:cover;-o-background-size:cover;background-size:cover;\"   data-bg-url=\"\"><div class=\"fusion-text\"><h1>Index \u00e9galit\u00e9 Femmes Hommes<\/h1>\n<\/div><div class=\"fusion-text\"><p>Conform\u00e9ment \u00e0 la Loi du 05 septembre 2018 pour la libert\u00e9 de choisir son avenir professionnel et \u00e0 son d\u00e9cret d\u2019application du 08 janvier 2019, visant \u00e0 supprimer les \u00e9carts de r\u00e9mun\u00e9ration entre les femmes et les hommes, chaque entreprise de plus de 50 salari\u00e9s doit publier sa note sur son site internet.<\/p>\n<p><strong>R\u00e9sultat de l&rsquo;index pour l&rsquo;ann\u00e9e 2026 au titre des donn\u00e9es 2025 publi\u00e9 le 09\/02\/26 :<\/strong><\/p>\n<p><strong>GACHES CHIMIE<\/strong>\u00a0: r\u00e9sultat incalculable \u2013 politique RH appliqu\u00e9e dans le sens attendu.<\/p>\n<ul>\n<li>R\u00e9sultat indicateur 1,\u00a0\u00e9cart de r\u00e9mun\u00e9ration entre les femmes et les hommes : incalculable,<\/li>\n<li>R\u00e9sultat indicateur 2, \u00e9cart de taux d\u2019augmentations individuelles entre les femmes et les hommes : 5.4%, \u00e9cart favorable aux hommes,<\/li>\n<li>R\u00e9sultat indicateur 3, pourcentage de salari\u00e9es ayant b\u00e9n\u00e9fici\u00e9 d\u2019une augmentation \u00e0 leur retour de cong\u00e9 maternit\u00e9 : 100%,<\/li>\n<li>R\u00e9sultat indicateur 4, parit\u00e9 parmi les 10 salari\u00e9s ayant per\u00e7u les plus hautes r\u00e9mun\u00e9rations : 3\/10, les hommes sont sur-repr\u00e9sent\u00e9s.<\/li>\n<\/ul>\n<p><strong>GACHES CHIMIE SPECIALITES<\/strong> : r\u00e9sultat global de 92\/100, score sup\u00e9rieur \u00e0 75\/100 aucune mesure de correction \u00e0 mettre en place.<\/p>\n<ul>\n<li>R\u00e9sultat indicateur 1, \u00e9cart de r\u00e9mun\u00e9ration entre les femmes et les hommes : 2.8% \u00e9cart favorable aux femmes,<\/li>\n<li>R\u00e9sultat indicateur 2,\u00a0\u00e9cart de taux d\u2019augmentations individuelles entre les femmes et les hommes : 35\/35, \u00e9cart favorable aux femmes,<\/li>\n<li>R\u00e9sultat indicateur 3, pourcentage de salari\u00e9es ayant b\u00e9n\u00e9fici\u00e9 d\u2019une augmentation \u00e0 leur retour de cong\u00e9 maternit\u00e9 : 100%<\/li>\n<li>R\u00e9sultat indicateur 4, parit\u00e9 parmi les 10 salari\u00e9s ayant per\u00e7u les plus hautes r\u00e9mun\u00e9rations : 3\/10, les hommes sont sur-repr\u00e9sent\u00e9s.<\/li>\n<\/ul>\n<\/div><div class=\"fusion-clearfix\"><\/div><\/div><\/div><\/div><\/div><\/p>","protected":false},"excerpt":{"rendered":"","protected":false},"author":1,"featured_media":0,"parent":0,"menu_order":0,"comment_status":"closed","ping_status":"closed","template":"","meta":{"_monsterinsights_skip_tracking":false,"_monsterinsights_sitenote_active":false,"_monsterinsights_sitenote_note":"","_monsterinsights_sitenote_category":0,"footnotes":""},"class_list":["post-13067","page","type-page","status-publish","hentry"],"yoast_head":"<!-- This site is optimized with the Yoast SEO plugin v23.4 - https:\/\/yoast.com\/wordpress\/plugins\/seo\/ -->\n<title>Gaches Chimie &#8212; Nous rejoindre | Nos valeurs<\/title>\n<meta name=\"description\" content=\"Gaches Chimie une entreprise familiale \u00e0 forte valeur humaine. Notre vision du d\u00e9veloppement est de s\u2019entourer de talents engag\u00e9s.\" \/>\n<meta name=\"robots\" content=\"index, follow, max-snippet:-1, max-image-preview:large, max-video-preview:-1\" \/>\n<link rel=\"canonical\" href=\"https:\/\/www.gaches.com\/en\/recrutement\/\" \/>\n<meta property=\"og:locale\" content=\"en_US\" \/>\n<meta property=\"og:type\" content=\"article\" \/>\n<meta property=\"og:title\" content=\"Gaches Chimie &#8212; Nous rejoindre | Nos valeurs\" \/>\n<meta property=\"og:description\" content=\"Gaches Chimie une entreprise familiale \u00e0 forte valeur humaine. Notre vision du d\u00e9veloppement est de s\u2019entourer de talents engag\u00e9s.\" \/>\n<meta property=\"og:url\" content=\"https:\/\/www.gaches.com\/en\/recrutement\/\" \/>\n<meta property=\"og:site_name\" content=\"Gaches Chimie\" \/>\n<meta property=\"article:modified_time\" content=\"2026-02-05T12:40:14+00:00\" \/>\n<meta name=\"twitter:card\" content=\"summary_large_image\" \/>\n<meta name=\"twitter:label1\" content=\"Est. reading time\" \/>\n\t<meta name=\"twitter:data1\" content=\"6 minutes\" \/>\n<script type=\"application\/ld+json\" class=\"yoast-schema-graph\">{\"@context\":\"https:\/\/schema.org\",\"@graph\":[{\"@type\":\"WebPage\",\"@id\":\"https:\/\/www.gaches.com\/recrutement\/\",\"url\":\"https:\/\/www.gaches.com\/recrutement\/\",\"name\":\"Gaches Chimie &#8212; Nous rejoindre | Nos valeurs\",\"isPartOf\":{\"@id\":\"https:\/\/www.gaches.com\/#website\"},\"datePublished\":\"2018-09-11T08:47:13+00:00\",\"dateModified\":\"2026-02-05T12:40:14+00:00\",\"description\":\"Gaches Chimie une entreprise familiale \u00e0 forte valeur humaine. Notre vision du d\u00e9veloppement est de s\u2019entourer de talents engag\u00e9s.\",\"breadcrumb\":{\"@id\":\"https:\/\/www.gaches.com\/recrutement\/#breadcrumb\"},\"inLanguage\":\"en-US\",\"potentialAction\":[{\"@type\":\"ReadAction\",\"target\":[\"https:\/\/www.gaches.com\/recrutement\/\"]}]},{\"@type\":\"BreadcrumbList\",\"@id\":\"https:\/\/www.gaches.com\/recrutement\/#breadcrumb\",\"itemListElement\":[{\"@type\":\"ListItem\",\"position\":1,\"name\":\"Accueil\",\"item\":\"https:\/\/www.gaches.com\/\"},{\"@type\":\"ListItem\",\"position\":2,\"name\":\"Rejoindre Gaches Chimie\"}]},{\"@type\":\"WebSite\",\"@id\":\"https:\/\/www.gaches.com\/#website\",\"url\":\"https:\/\/www.gaches.com\/\",\"name\":\"Gaches Chimie\",\"description\":\"Global Chemical Solutions\",\"potentialAction\":[{\"@type\":\"SearchAction\",\"target\":{\"@type\":\"EntryPoint\",\"urlTemplate\":\"https:\/\/www.gaches.com\/?s={search_term_string}\"},\"query-input\":{\"@type\":\"PropertyValueSpecification\",\"valueRequired\":true,\"valueName\":\"search_term_string\"}}],\"inLanguage\":\"en-US\"}]}<\/script>\n<!-- \/ Yoast SEO plugin. -->","yoast_head_json":{"title":"Gaches Chimie &#8212; Nous rejoindre | Nos valeurs","description":"Gaches Chimie une entreprise familiale \u00e0 forte valeur humaine. Notre vision du d\u00e9veloppement est de s\u2019entourer de talents engag\u00e9s.","robots":{"index":"index","follow":"follow","max-snippet":"max-snippet:-1","max-image-preview":"max-image-preview:large","max-video-preview":"max-video-preview:-1"},"canonical":"https:\/\/www.gaches.com\/en\/recrutement\/","og_locale":"en_US","og_type":"article","og_title":"Gaches Chimie &#8212; Nous rejoindre | Nos valeurs","og_description":"Gaches Chimie une entreprise familiale \u00e0 forte valeur humaine. Notre vision du d\u00e9veloppement est de s\u2019entourer de talents engag\u00e9s.","og_url":"https:\/\/www.gaches.com\/en\/recrutement\/","og_site_name":"Gaches Chimie","article_modified_time":"2026-02-05T12:40:14+00:00","twitter_card":"summary_large_image","twitter_misc":{"Est. reading time":"6 minutes"},"schema":{"@context":"https:\/\/schema.org","@graph":[{"@type":"WebPage","@id":"https:\/\/www.gaches.com\/recrutement\/","url":"https:\/\/www.gaches.com\/recrutement\/","name":"Gaches Chimie &#8212; Nous rejoindre | Nos valeurs","isPartOf":{"@id":"https:\/\/www.gaches.com\/#website"},"datePublished":"2018-09-11T08:47:13+00:00","dateModified":"2026-02-05T12:40:14+00:00","description":"Gaches Chimie une entreprise familiale \u00e0 forte valeur humaine. Notre vision du d\u00e9veloppement est de s\u2019entourer de talents engag\u00e9s.","breadcrumb":{"@id":"https:\/\/www.gaches.com\/recrutement\/#breadcrumb"},"inLanguage":"en-US","potentialAction":[{"@type":"ReadAction","target":["https:\/\/www.gaches.com\/recrutement\/"]}]},{"@type":"BreadcrumbList","@id":"https:\/\/www.gaches.com\/recrutement\/#breadcrumb","itemListElement":[{"@type":"ListItem","position":1,"name":"Accueil","item":"https:\/\/www.gaches.com\/"},{"@type":"ListItem","position":2,"name":"Rejoindre Gaches Chimie"}]},{"@type":"WebSite","@id":"https:\/\/www.gaches.com\/#website","url":"https:\/\/www.gaches.com\/","name":"Gaches Chimie","description":"Global Chemical Solutions","potentialAction":[{"@type":"SearchAction","target":{"@type":"EntryPoint","urlTemplate":"https:\/\/www.gaches.com\/?s={search_term_string}"},"query-input":{"@type":"PropertyValueSpecification","valueRequired":true,"valueName":"search_term_string"}}],"inLanguage":"en-US"}]}},"_links":{"self":[{"href":"https:\/\/www.gaches.com\/en\/wp-json\/wp\/v2\/pages\/13067"}],"collection":[{"href":"https:\/\/www.gaches.com\/en\/wp-json\/wp\/v2\/pages"}],"about":[{"href":"https:\/\/www.gaches.com\/en\/wp-json\/wp\/v2\/types\/page"}],"author":[{"embeddable":true,"href":"https:\/\/www.gaches.com\/en\/wp-json\/wp\/v2\/users\/1"}],"replies":[{"embeddable":true,"href":"https:\/\/www.gaches.com\/en\/wp-json\/wp\/v2\/comments?post=13067"}],"version-history":[{"count":0,"href":"https:\/\/www.gaches.com\/en\/wp-json\/wp\/v2\/pages\/13067\/revisions"}],"wp:attachment":[{"href":"https:\/\/www.gaches.com\/en\/wp-json\/wp\/v2\/media?parent=13067"}],"curies":[{"name":"wp","href":"https:\/\/api.w.org\/{rel}","templated":true}]}}